{"id":4343,"date":"2024-10-23T11:24:46","date_gmt":"2024-10-23T11:24:46","guid":{"rendered":"https:\/\/rucan.es\/?post_type=product&#038;p=4343"},"modified":"2025-09-22T00:00:46","modified_gmt":"2025-09-22T00:00:46","slug":"dogball-mitjana-taronja","status":"publish","type":"product","link":"https:\/\/rucan.es\/ca\/producto\/dogball-mitjana-taronja\/","title":{"rendered":"Dogball mitjana taronja"},"content":{"rendered":"","protected":false},"excerpt":{"rendered":"<p>La Dog Ball en mida mitjana (7 cm) i duresa Mitjana (color taronja) \u00e9s ideal per a la majoria de gossos de mida mitjana i mitjana-gran. Aquest model \u00e9s recomanat especialment per a cadells amb mand\u00edbules fortes que encara tenen dents de llet, aix\u00ed com per a gossos seniors amb dentadura sensible.<\/p>\n<p><strong>Duresa: Mitjana<\/strong><\/p>\n<p><img decoding=\"async\" class=\"alignnone size-full wp-image-565\" src=\"https:\/\/rucan.es\/wp-content\/uploads\/2024\/10\/Group-192.svg\" alt=\"\" \/><br \/>\n<a class=\"us-btn-style_6 \" href=\"https:\/\/rucan.es\/tienda-de-rucan\/\">Tornar a la botiga<\/a><\/p>\n","protected":false},"featured_media":3213,"comment_status":"closed","ping_status":"closed","template":"","meta":{"_acf_changed":false},"product_brand":[],"product_cat":[466],"product_tag":[],"class_list":{"0":"post-4343","1":"product","2":"type-product","3":"status-publish","4":"has-post-thumbnail","6":"product_cat-dogball-ca","7":"pa_razas-airedale-terrier-ca","8":"pa_razas-cazador-de-alces-noruego","9":"pa_razas-schnauzer-gigante","10":"pa_razas-setter-gordon","11":"pa_razas-setter-ingles","12":"pa_razas-setter-irlandes","13":"pa_razas-setter-irlandes-rojo-y-blanco","14":"pa_razas-spaniel-picardo","15":"pa_razas-spitz-japones-ca","16":"pa_razas-villano-de-las-encartaciones","17":"tm-has-options","19":"first","20":"instock","21":"taxable","22":"shipping-taxable","23":"purchasable","24":"product-type-simple"},"acf":[],"yoast_head":"<!-- This site is optimized with the Yoast SEO plugin v27.3 - https:\/\/yoast.com\/product\/yoast-seo-wordpress\/ -->\n<title>Dogball mitjana taronja - Rucan | Juguetes para perros de caucho natural<\/title>\n<meta name=\"description\" content=\"Dogball mitjana taronja. Desc\u00fabrelo en nuestra tienda online.\" \/>\n<meta name=\"robots\" content=\"index, follow, max-snippet:-1, max-image-preview:large, max-video-preview:-1\" \/>\n<link rel=\"canonical\" href=\"https:\/\/rucan.es\/ca\/producto\/dogball-mitjana-taronja\/\" \/>\n<meta property=\"og:locale\" content=\"ca_ES\" \/>\n<meta property=\"og:type\" content=\"article\" \/>\n<meta property=\"og:title\" content=\"Dogball mitjana taronja - Rucan | Juguetes para perros de caucho natural\" \/>\n<meta property=\"og:description\" content=\"Dogball mitjana taronja. Desc\u00fabrelo en nuestra tienda online.\" \/>\n<meta property=\"og:url\" content=\"https:\/\/rucan.es\/ca\/producto\/dogball-mitjana-taronja\/\" \/>\n<meta property=\"og:site_name\" content=\"Rucan | Juguetes para perros de caucho natural\" \/>\n<meta property=\"article:publisher\" content=\"https:\/\/www.facebook.com\/RucanD0gs\" \/>\n<meta property=\"article:modified_time\" content=\"2025-09-22T00:00:46+00:00\" \/>\n<meta property=\"og:image\" content=\"https:\/\/blanchedalmond-pelican-299657.hostingersite.com\/wp-content\/uploads\/2024\/10\/petitamedium-e1729781253931-1024x868.png\" \/>\n\t<meta property=\"og:image:width\" content=\"1024\" \/>\n\t<meta property=\"og:image:height\" content=\"868\" \/>\n\t<meta property=\"og:image:type\" content=\"image\/png\" \/>\n<meta name=\"twitter:card\" content=\"summary_large_image\" \/>\n<meta name=\"twitter:label1\" content=\"Temps estimat de lectura\" \/>\n\t<meta name=\"twitter:data1\" content=\"1 minut\" \/>\n<script type=\"application\/ld+json\" class=\"yoast-schema-graph\">{\"@context\":\"https:\\\/\\\/schema.org\",\"@graph\":[{\"@type\":\"WebPage\",\"@id\":\"https:\\\/\\\/rucan.es\\\/ca\\\/producto\\\/dogball-mitjana-taronja\\\/\",\"url\":\"https:\\\/\\\/rucan.es\\\/ca\\\/producto\\\/dogball-mitjana-taronja\\\/\",\"name\":\"Dogball mitjana taronja - Rucan | Juguetes para perros de caucho natural\",\"isPartOf\":{\"@id\":\"https:\\\/\\\/blanchedalmond-pelican-299657.hostingersite.com\\\/#website\"},\"primaryImageOfPage\":{\"@id\":\"https:\\\/\\\/rucan.es\\\/ca\\\/producto\\\/dogball-mitjana-taronja\\\/#primaryimage\"},\"image\":{\"@id\":\"https:\\\/\\\/rucan.es\\\/ca\\\/producto\\\/dogball-mitjana-taronja\\\/#primaryimage\"},\"thumbnailUrl\":\"https:\\\/\\\/rucan.es\\\/wp-content\\\/uploads\\\/2024\\\/10\\\/petitamedium-e1729781253931.png\",\"datePublished\":\"2024-10-23T11:24:46+00:00\",\"dateModified\":\"2025-09-22T00:00:46+00:00\",\"description\":\"Dogball mitjana taronja. Desc\u00fabrelo en nuestra tienda online.\",\"breadcrumb\":{\"@id\":\"https:\\\/\\\/rucan.es\\\/ca\\\/producto\\\/dogball-mitjana-taronja\\\/#breadcrumb\"},\"inLanguage\":\"ca\",\"potentialAction\":[{\"@type\":\"ReadAction\",\"target\":[\"https:\\\/\\\/rucan.es\\\/ca\\\/producto\\\/dogball-mitjana-taronja\\\/\"]}]},{\"@type\":\"ImageObject\",\"inLanguage\":\"ca\",\"@id\":\"https:\\\/\\\/rucan.es\\\/ca\\\/producto\\\/dogball-mitjana-taronja\\\/#primaryimage\",\"url\":\"https:\\\/\\\/rucan.es\\\/wp-content\\\/uploads\\\/2024\\\/10\\\/petitamedium-e1729781253931.png\",\"contentUrl\":\"https:\\\/\\\/rucan.es\\\/wp-content\\\/uploads\\\/2024\\\/10\\\/petitamedium-e1729781253931.png\",\"width\":1266,\"height\":1073},{\"@type\":\"BreadcrumbList\",\"@id\":\"https:\\\/\\\/rucan.es\\\/ca\\\/producto\\\/dogball-mitjana-taronja\\\/#breadcrumb\",\"itemListElement\":[{\"@type\":\"ListItem\",\"position\":1,\"name\":\"Portada\",\"item\":\"https:\\\/\\\/rucan.es\\\/ca\\\/\"},{\"@type\":\"ListItem\",\"position\":2,\"name\":\"Tienda\",\"item\":\"https:\\\/\\\/blanchedalmond-pelican-299657.hostingersite.com\\\/tienda\\\/\"},{\"@type\":\"ListItem\",\"position\":3,\"name\":\"Dogball mitjana taronja\"}]},{\"@type\":\"WebSite\",\"@id\":\"https:\\\/\\\/blanchedalmond-pelican-299657.hostingersite.com\\\/#website\",\"url\":\"https:\\\/\\\/blanchedalmond-pelican-299657.hostingersite.com\\\/\",\"name\":\"Rucan | Juguetes de caucho natural para perros\",\"description\":\"Juguetes interactivos para perros de caucho natural\",\"publisher\":{\"@id\":\"https:\\\/\\\/blanchedalmond-pelican-299657.hostingersite.com\\\/#organization\"},\"potentialAction\":[{\"@type\":\"SearchAction\",\"target\":{\"@type\":\"EntryPoint\",\"urlTemplate\":\"https:\\\/\\\/blanchedalmond-pelican-299657.hostingersite.com\\\/?s={search_term_string}\"},\"query-input\":{\"@type\":\"PropertyValueSpecification\",\"valueRequired\":true,\"valueName\":\"search_term_string\"}}],\"inLanguage\":\"ca\"},{\"@type\":\"Organization\",\"@id\":\"https:\\\/\\\/blanchedalmond-pelican-299657.hostingersite.com\\\/#organization\",\"name\":\"Rucan | Juguetes de caucho natural para perros\",\"url\":\"https:\\\/\\\/blanchedalmond-pelican-299657.hostingersite.com\\\/\",\"logo\":{\"@type\":\"ImageObject\",\"inLanguage\":\"ca\",\"@id\":\"https:\\\/\\\/blanchedalmond-pelican-299657.hostingersite.com\\\/#\\\/schema\\\/logo\\\/image\\\/\",\"url\":\"https:\\\/\\\/rucan.es\\\/wp-content\\\/uploads\\\/2024\\\/10\\\/rucan.png\",\"contentUrl\":\"https:\\\/\\\/rucan.es\\\/wp-content\\\/uploads\\\/2024\\\/10\\\/rucan.png\",\"width\":128,\"height\":128,\"caption\":\"Rucan | Juguetes de caucho natural para perros\"},\"image\":{\"@id\":\"https:\\\/\\\/blanchedalmond-pelican-299657.hostingersite.com\\\/#\\\/schema\\\/logo\\\/image\\\/\"},\"sameAs\":[\"https:\\\/\\\/www.facebook.com\\\/RucanD0gs\",\"https:\\\/\\\/es.linkedin.com\\\/company\\\/rucan\",\"https:\\\/\\\/www.instagram.com\\\/rucan_dogs\\\/\",\"https:\\\/\\\/www.tiktok.com\\\/@rucandogs\"]}]}<\/script>\n<!-- \/ Yoast SEO plugin. -->","yoast_head_json":{"title":"Dogball mitjana taronja - Rucan | Juguetes para perros de caucho natural","description":"Dogball mitjana taronja. Desc\u00fabrelo en nuestra tienda online.","robots":{"index":"index","follow":"follow","max-snippet":"max-snippet:-1","max-image-preview":"max-image-preview:large","max-video-preview":"max-video-preview:-1"},"canonical":"https:\/\/rucan.es\/ca\/producto\/dogball-mitjana-taronja\/","og_locale":"ca_ES","og_type":"article","og_title":"Dogball mitjana taronja - Rucan | Juguetes para perros de caucho natural","og_description":"Dogball mitjana taronja. Desc\u00fabrelo en nuestra tienda online.","og_url":"https:\/\/rucan.es\/ca\/producto\/dogball-mitjana-taronja\/","og_site_name":"Rucan | Juguetes para perros de caucho natural","article_publisher":"https:\/\/www.facebook.com\/RucanD0gs","article_modified_time":"2025-09-22T00:00:46+00:00","og_image":[{"width":1024,"height":868,"url":"https:\/\/blanchedalmond-pelican-299657.hostingersite.com\/wp-content\/uploads\/2024\/10\/petitamedium-e1729781253931-1024x868.png","type":"image\/png"}],"twitter_card":"summary_large_image","twitter_misc":{"Temps estimat de lectura":"1 minut"},"schema":{"@context":"https:\/\/schema.org","@graph":[{"@type":"WebPage","@id":"https:\/\/rucan.es\/ca\/producto\/dogball-mitjana-taronja\/","url":"https:\/\/rucan.es\/ca\/producto\/dogball-mitjana-taronja\/","name":"Dogball mitjana taronja - Rucan | Juguetes para perros de caucho natural","isPartOf":{"@id":"https:\/\/blanchedalmond-pelican-299657.hostingersite.com\/#website"},"primaryImageOfPage":{"@id":"https:\/\/rucan.es\/ca\/producto\/dogball-mitjana-taronja\/#primaryimage"},"image":{"@id":"https:\/\/rucan.es\/ca\/producto\/dogball-mitjana-taronja\/#primaryimage"},"thumbnailUrl":"https:\/\/rucan.es\/wp-content\/uploads\/2024\/10\/petitamedium-e1729781253931.png","datePublished":"2024-10-23T11:24:46+00:00","dateModified":"2025-09-22T00:00:46+00:00","description":"Dogball mitjana taronja. Desc\u00fabrelo en nuestra tienda online.","breadcrumb":{"@id":"https:\/\/rucan.es\/ca\/producto\/dogball-mitjana-taronja\/#breadcrumb"},"inLanguage":"ca","potentialAction":[{"@type":"ReadAction","target":["https:\/\/rucan.es\/ca\/producto\/dogball-mitjana-taronja\/"]}]},{"@type":"ImageObject","inLanguage":"ca","@id":"https:\/\/rucan.es\/ca\/producto\/dogball-mitjana-taronja\/#primaryimage","url":"https:\/\/rucan.es\/wp-content\/uploads\/2024\/10\/petitamedium-e1729781253931.png","contentUrl":"https:\/\/rucan.es\/wp-content\/uploads\/2024\/10\/petitamedium-e1729781253931.png","width":1266,"height":1073},{"@type":"BreadcrumbList","@id":"https:\/\/rucan.es\/ca\/producto\/dogball-mitjana-taronja\/#breadcrumb","itemListElement":[{"@type":"ListItem","position":1,"name":"Portada","item":"https:\/\/rucan.es\/ca\/"},{"@type":"ListItem","position":2,"name":"Tienda","item":"https:\/\/blanchedalmond-pelican-299657.hostingersite.com\/tienda\/"},{"@type":"ListItem","position":3,"name":"Dogball mitjana taronja"}]},{"@type":"WebSite","@id":"https:\/\/blanchedalmond-pelican-299657.hostingersite.com\/#website","url":"https:\/\/blanchedalmond-pelican-299657.hostingersite.com\/","name":"Rucan | Juguetes de caucho natural para perros","description":"Juguetes interactivos para perros de caucho natural","publisher":{"@id":"https:\/\/blanchedalmond-pelican-299657.hostingersite.com\/#organization"},"potentialAction":[{"@type":"SearchAction","target":{"@type":"EntryPoint","urlTemplate":"https:\/\/blanchedalmond-pelican-299657.hostingersite.com\/?s={search_term_string}"},"query-input":{"@type":"PropertyValueSpecification","valueRequired":true,"valueName":"search_term_string"}}],"inLanguage":"ca"},{"@type":"Organization","@id":"https:\/\/blanchedalmond-pelican-299657.hostingersite.com\/#organization","name":"Rucan | Juguetes de caucho natural para perros","url":"https:\/\/blanchedalmond-pelican-299657.hostingersite.com\/","logo":{"@type":"ImageObject","inLanguage":"ca","@id":"https:\/\/blanchedalmond-pelican-299657.hostingersite.com\/#\/schema\/logo\/image\/","url":"https:\/\/rucan.es\/wp-content\/uploads\/2024\/10\/rucan.png","contentUrl":"https:\/\/rucan.es\/wp-content\/uploads\/2024\/10\/rucan.png","width":128,"height":128,"caption":"Rucan | Juguetes de caucho natural para perros"},"image":{"@id":"https:\/\/blanchedalmond-pelican-299657.hostingersite.com\/#\/schema\/logo\/image\/"},"sameAs":["https:\/\/www.facebook.com\/RucanD0gs","https:\/\/es.linkedin.com\/company\/rucan","https:\/\/www.instagram.com\/rucan_dogs\/","https:\/\/www.tiktok.com\/@rucandogs"]}]}},"_links":{"self":[{"href":"https:\/\/rucan.es\/ca\/wp-json\/wp\/v2\/product\/4343","targetHints":{"allow":["GET"]}}],"collection":[{"href":"https:\/\/rucan.es\/ca\/wp-json\/wp\/v2\/product"}],"about":[{"href":"https:\/\/rucan.es\/ca\/wp-json\/wp\/v2\/types\/product"}],"replies":[{"embeddable":true,"href":"https:\/\/rucan.es\/ca\/wp-json\/wp\/v2\/comments?post=4343"}],"wp:featuredmedia":[{"embeddable":true,"href":"https:\/\/rucan.es\/ca\/wp-json\/wp\/v2\/media\/3213"}],"wp:attachment":[{"href":"https:\/\/rucan.es\/ca\/wp-json\/wp\/v2\/media?parent=4343"}],"wp:term":[{"taxonomy":"product_brand","embeddable":true,"href":"https:\/\/rucan.es\/ca\/wp-json\/wp\/v2\/product_brand?post=4343"},{"taxonomy":"product_cat","embeddable":true,"href":"https:\/\/rucan.es\/ca\/wp-json\/wp\/v2\/product_cat?post=4343"},{"taxonomy":"product_tag","embeddable":true,"href":"https:\/\/rucan.es\/ca\/wp-json\/wp\/v2\/product_tag?post=4343"}],"curies":[{"name":"wp","href":"https:\/\/api.w.org\/{rel}","templated":true}]}}