{"id":4347,"date":"2024-10-25T12:09:31","date_gmt":"2024-10-25T12:09:31","guid":{"rendered":"https:\/\/rucan.es\/?post_type=product&#038;p=4347"},"modified":"2025-09-22T00:00:52","modified_gmt":"2025-09-22T00:00:52","slug":"conic-gran-lila","status":"publish","type":"product","link":"https:\/\/rucan.es\/ca\/producto\/conic-gran-lila\/","title":{"rendered":"Conic gran lila"},"content":{"rendered":"","protected":false},"excerpt":{"rendered":"<p>El Conic en mida gran i duresa Alta (color lila) \u00e9s ideal per a gossos de mida mitjana-gran i gran amb una mossegada molt forta i tend\u00e8ncia a trencar joguines. La seva resist\u00e8ncia superior est\u00e0 dissenyada per suportar mand\u00edbules potents, oferint durabilitat fins i tot per als gossos m\u00e9s en\u00e8rgics.<\/p>\n<p><strong>Duresa: Alta<\/strong><\/p>\n<p><img decoding=\"async\" class=\"alignnone size-full wp-image-567\" src=\"https:\/\/rucan.es\/wp-content\/uploads\/2024\/10\/Group-196.svg\" alt=\"\" \/><\/p>\n<p><a class=\"us-btn-style_6 \" href=\"https:\/\/rucan.es\/tienda-de-rucan\/\">Tornar a la botiga<\/a><\/p>\n","protected":false},"featured_media":3329,"comment_status":"closed","ping_status":"closed","template":"","meta":{"_acf_changed":false},"product_brand":[],"product_cat":[471],"product_tag":[],"class_list":{"0":"post-4347","1":"product","2":"type-product","3":"status-publish","4":"has-post-thumbnail","6":"product_cat-conic-2","7":"pa_razas-airedale-terrier-ca","8":"pa_razas-cazador-de-alces-noruego","9":"pa_razas-perro-de-montana-de-los-pirineos","10":"pa_razas-perro-de-pastor-kangal","11":"pa_razas-presa-canario","12":"pa_razas-rottweiler","13":"pa_razas-san-bernardo","14":"pa_razas-terranova","15":"pa_razas-terrier-negro-de-rusia","16":"tm-has-options","18":"first","19":"instock","20":"taxable","21":"shipping-taxable","22":"purchasable","23":"product-type-simple"},"acf":[],"yoast_head":"<!-- This site is optimized with the Yoast SEO plugin v27.3 - https:\/\/yoast.com\/product\/yoast-seo-wordpress\/ -->\n<title>Conic gran lila - Rucan | Juguetes para perros de caucho natural<\/title>\n<meta name=\"description\" content=\"Conic gran lila. Desc\u00fabrelo en nuestra tienda online.\" \/>\n<meta name=\"robots\" content=\"index, follow, max-snippet:-1, max-image-preview:large, max-video-preview:-1\" \/>\n<link rel=\"canonical\" href=\"https:\/\/rucan.es\/ca\/producto\/conic-gran-lila\/\" \/>\n<meta property=\"og:locale\" content=\"ca_ES\" \/>\n<meta property=\"og:type\" content=\"article\" \/>\n<meta property=\"og:title\" content=\"Conic gran lila - Rucan | Juguetes para perros de caucho natural\" \/>\n<meta property=\"og:description\" content=\"Conic gran lila. Desc\u00fabrelo en nuestra tienda online.\" \/>\n<meta property=\"og:url\" content=\"https:\/\/rucan.es\/ca\/producto\/conic-gran-lila\/\" \/>\n<meta property=\"og:site_name\" content=\"Rucan | Juguetes para perros de caucho natural\" \/>\n<meta property=\"article:publisher\" content=\"https:\/\/www.facebook.com\/RucanD0gs\" \/>\n<meta property=\"article:modified_time\" content=\"2025-09-22T00:00:52+00:00\" \/>\n<meta property=\"og:image\" content=\"https:\/\/blanchedalmond-pelican-299657.hostingersite.com\/wp-content\/uploads\/2024\/10\/grandelila-e1729858444313.png\" \/>\n\t<meta property=\"og:image:width\" content=\"445\" \/>\n\t<meta property=\"og:image:height\" content=\"392\" \/>\n\t<meta property=\"og:image:type\" content=\"image\/png\" \/>\n<meta name=\"twitter:card\" content=\"summary_large_image\" \/>\n<meta name=\"twitter:label1\" content=\"Temps estimat de lectura\" \/>\n\t<meta name=\"twitter:data1\" content=\"1 minut\" \/>\n<script type=\"application\/ld+json\" class=\"yoast-schema-graph\">{\"@context\":\"https:\\\/\\\/schema.org\",\"@graph\":[{\"@type\":\"WebPage\",\"@id\":\"https:\\\/\\\/rucan.es\\\/ca\\\/producto\\\/conic-gran-lila\\\/\",\"url\":\"https:\\\/\\\/rucan.es\\\/ca\\\/producto\\\/conic-gran-lila\\\/\",\"name\":\"Conic gran lila - Rucan | Juguetes para perros de caucho natural\",\"isPartOf\":{\"@id\":\"https:\\\/\\\/blanchedalmond-pelican-299657.hostingersite.com\\\/#website\"},\"primaryImageOfPage\":{\"@id\":\"https:\\\/\\\/rucan.es\\\/ca\\\/producto\\\/conic-gran-lila\\\/#primaryimage\"},\"image\":{\"@id\":\"https:\\\/\\\/rucan.es\\\/ca\\\/producto\\\/conic-gran-lila\\\/#primaryimage\"},\"thumbnailUrl\":\"https:\\\/\\\/rucan.es\\\/wp-content\\\/uploads\\\/2024\\\/10\\\/grandelila-e1729858444313.png\",\"datePublished\":\"2024-10-25T12:09:31+00:00\",\"dateModified\":\"2025-09-22T00:00:52+00:00\",\"description\":\"Conic gran lila. Desc\u00fabrelo en nuestra tienda online.\",\"breadcrumb\":{\"@id\":\"https:\\\/\\\/rucan.es\\\/ca\\\/producto\\\/conic-gran-lila\\\/#breadcrumb\"},\"inLanguage\":\"ca\",\"potentialAction\":[{\"@type\":\"ReadAction\",\"target\":[\"https:\\\/\\\/rucan.es\\\/ca\\\/producto\\\/conic-gran-lila\\\/\"]}]},{\"@type\":\"ImageObject\",\"inLanguage\":\"ca\",\"@id\":\"https:\\\/\\\/rucan.es\\\/ca\\\/producto\\\/conic-gran-lila\\\/#primaryimage\",\"url\":\"https:\\\/\\\/rucan.es\\\/wp-content\\\/uploads\\\/2024\\\/10\\\/grandelila-e1729858444313.png\",\"contentUrl\":\"https:\\\/\\\/rucan.es\\\/wp-content\\\/uploads\\\/2024\\\/10\\\/grandelila-e1729858444313.png\",\"width\":445,\"height\":392},{\"@type\":\"BreadcrumbList\",\"@id\":\"https:\\\/\\\/rucan.es\\\/ca\\\/producto\\\/conic-gran-lila\\\/#breadcrumb\",\"itemListElement\":[{\"@type\":\"ListItem\",\"position\":1,\"name\":\"Portada\",\"item\":\"https:\\\/\\\/rucan.es\\\/ca\\\/\"},{\"@type\":\"ListItem\",\"position\":2,\"name\":\"Tienda\",\"item\":\"https:\\\/\\\/blanchedalmond-pelican-299657.hostingersite.com\\\/tienda\\\/\"},{\"@type\":\"ListItem\",\"position\":3,\"name\":\"Conic gran lila\"}]},{\"@type\":\"WebSite\",\"@id\":\"https:\\\/\\\/blanchedalmond-pelican-299657.hostingersite.com\\\/#website\",\"url\":\"https:\\\/\\\/blanchedalmond-pelican-299657.hostingersite.com\\\/\",\"name\":\"Rucan | Juguetes de caucho natural para perros\",\"description\":\"Juguetes interactivos para perros de caucho natural\",\"publisher\":{\"@id\":\"https:\\\/\\\/blanchedalmond-pelican-299657.hostingersite.com\\\/#organization\"},\"potentialAction\":[{\"@type\":\"SearchAction\",\"target\":{\"@type\":\"EntryPoint\",\"urlTemplate\":\"https:\\\/\\\/blanchedalmond-pelican-299657.hostingersite.com\\\/?s={search_term_string}\"},\"query-input\":{\"@type\":\"PropertyValueSpecification\",\"valueRequired\":true,\"valueName\":\"search_term_string\"}}],\"inLanguage\":\"ca\"},{\"@type\":\"Organization\",\"@id\":\"https:\\\/\\\/blanchedalmond-pelican-299657.hostingersite.com\\\/#organization\",\"name\":\"Rucan | Juguetes de caucho natural para perros\",\"url\":\"https:\\\/\\\/blanchedalmond-pelican-299657.hostingersite.com\\\/\",\"logo\":{\"@type\":\"ImageObject\",\"inLanguage\":\"ca\",\"@id\":\"https:\\\/\\\/blanchedalmond-pelican-299657.hostingersite.com\\\/#\\\/schema\\\/logo\\\/image\\\/\",\"url\":\"https:\\\/\\\/rucan.es\\\/wp-content\\\/uploads\\\/2024\\\/10\\\/rucan.png\",\"contentUrl\":\"https:\\\/\\\/rucan.es\\\/wp-content\\\/uploads\\\/2024\\\/10\\\/rucan.png\",\"width\":128,\"height\":128,\"caption\":\"Rucan | Juguetes de caucho natural para perros\"},\"image\":{\"@id\":\"https:\\\/\\\/blanchedalmond-pelican-299657.hostingersite.com\\\/#\\\/schema\\\/logo\\\/image\\\/\"},\"sameAs\":[\"https:\\\/\\\/www.facebook.com\\\/RucanD0gs\",\"https:\\\/\\\/es.linkedin.com\\\/company\\\/rucan\",\"https:\\\/\\\/www.instagram.com\\\/rucan_dogs\\\/\",\"https:\\\/\\\/www.tiktok.com\\\/@rucandogs\"]}]}<\/script>\n<!-- \/ Yoast SEO plugin. -->","yoast_head_json":{"title":"Conic gran lila - Rucan | Juguetes para perros de caucho natural","description":"Conic gran lila. Desc\u00fabrelo en nuestra tienda online.","robots":{"index":"index","follow":"follow","max-snippet":"max-snippet:-1","max-image-preview":"max-image-preview:large","max-video-preview":"max-video-preview:-1"},"canonical":"https:\/\/rucan.es\/ca\/producto\/conic-gran-lila\/","og_locale":"ca_ES","og_type":"article","og_title":"Conic gran lila - Rucan | Juguetes para perros de caucho natural","og_description":"Conic gran lila. Desc\u00fabrelo en nuestra tienda online.","og_url":"https:\/\/rucan.es\/ca\/producto\/conic-gran-lila\/","og_site_name":"Rucan | Juguetes para perros de caucho natural","article_publisher":"https:\/\/www.facebook.com\/RucanD0gs","article_modified_time":"2025-09-22T00:00:52+00:00","og_image":[{"width":445,"height":392,"url":"https:\/\/blanchedalmond-pelican-299657.hostingersite.com\/wp-content\/uploads\/2024\/10\/grandelila-e1729858444313.png","type":"image\/png"}],"twitter_card":"summary_large_image","twitter_misc":{"Temps estimat de lectura":"1 minut"},"schema":{"@context":"https:\/\/schema.org","@graph":[{"@type":"WebPage","@id":"https:\/\/rucan.es\/ca\/producto\/conic-gran-lila\/","url":"https:\/\/rucan.es\/ca\/producto\/conic-gran-lila\/","name":"Conic gran lila - Rucan | Juguetes para perros de caucho natural","isPartOf":{"@id":"https:\/\/blanchedalmond-pelican-299657.hostingersite.com\/#website"},"primaryImageOfPage":{"@id":"https:\/\/rucan.es\/ca\/producto\/conic-gran-lila\/#primaryimage"},"image":{"@id":"https:\/\/rucan.es\/ca\/producto\/conic-gran-lila\/#primaryimage"},"thumbnailUrl":"https:\/\/rucan.es\/wp-content\/uploads\/2024\/10\/grandelila-e1729858444313.png","datePublished":"2024-10-25T12:09:31+00:00","dateModified":"2025-09-22T00:00:52+00:00","description":"Conic gran lila. Desc\u00fabrelo en nuestra tienda online.","breadcrumb":{"@id":"https:\/\/rucan.es\/ca\/producto\/conic-gran-lila\/#breadcrumb"},"inLanguage":"ca","potentialAction":[{"@type":"ReadAction","target":["https:\/\/rucan.es\/ca\/producto\/conic-gran-lila\/"]}]},{"@type":"ImageObject","inLanguage":"ca","@id":"https:\/\/rucan.es\/ca\/producto\/conic-gran-lila\/#primaryimage","url":"https:\/\/rucan.es\/wp-content\/uploads\/2024\/10\/grandelila-e1729858444313.png","contentUrl":"https:\/\/rucan.es\/wp-content\/uploads\/2024\/10\/grandelila-e1729858444313.png","width":445,"height":392},{"@type":"BreadcrumbList","@id":"https:\/\/rucan.es\/ca\/producto\/conic-gran-lila\/#breadcrumb","itemListElement":[{"@type":"ListItem","position":1,"name":"Portada","item":"https:\/\/rucan.es\/ca\/"},{"@type":"ListItem","position":2,"name":"Tienda","item":"https:\/\/blanchedalmond-pelican-299657.hostingersite.com\/tienda\/"},{"@type":"ListItem","position":3,"name":"Conic gran lila"}]},{"@type":"WebSite","@id":"https:\/\/blanchedalmond-pelican-299657.hostingersite.com\/#website","url":"https:\/\/blanchedalmond-pelican-299657.hostingersite.com\/","name":"Rucan | Juguetes de caucho natural para perros","description":"Juguetes interactivos para perros de caucho natural","publisher":{"@id":"https:\/\/blanchedalmond-pelican-299657.hostingersite.com\/#organization"},"potentialAction":[{"@type":"SearchAction","target":{"@type":"EntryPoint","urlTemplate":"https:\/\/blanchedalmond-pelican-299657.hostingersite.com\/?s={search_term_string}"},"query-input":{"@type":"PropertyValueSpecification","valueRequired":true,"valueName":"search_term_string"}}],"inLanguage":"ca"},{"@type":"Organization","@id":"https:\/\/blanchedalmond-pelican-299657.hostingersite.com\/#organization","name":"Rucan | Juguetes de caucho natural para perros","url":"https:\/\/blanchedalmond-pelican-299657.hostingersite.com\/","logo":{"@type":"ImageObject","inLanguage":"ca","@id":"https:\/\/blanchedalmond-pelican-299657.hostingersite.com\/#\/schema\/logo\/image\/","url":"https:\/\/rucan.es\/wp-content\/uploads\/2024\/10\/rucan.png","contentUrl":"https:\/\/rucan.es\/wp-content\/uploads\/2024\/10\/rucan.png","width":128,"height":128,"caption":"Rucan | Juguetes de caucho natural para perros"},"image":{"@id":"https:\/\/blanchedalmond-pelican-299657.hostingersite.com\/#\/schema\/logo\/image\/"},"sameAs":["https:\/\/www.facebook.com\/RucanD0gs","https:\/\/es.linkedin.com\/company\/rucan","https:\/\/www.instagram.com\/rucan_dogs\/","https:\/\/www.tiktok.com\/@rucandogs"]}]}},"_links":{"self":[{"href":"https:\/\/rucan.es\/ca\/wp-json\/wp\/v2\/product\/4347","targetHints":{"allow":["GET"]}}],"collection":[{"href":"https:\/\/rucan.es\/ca\/wp-json\/wp\/v2\/product"}],"about":[{"href":"https:\/\/rucan.es\/ca\/wp-json\/wp\/v2\/types\/product"}],"replies":[{"embeddable":true,"href":"https:\/\/rucan.es\/ca\/wp-json\/wp\/v2\/comments?post=4347"}],"wp:featuredmedia":[{"embeddable":true,"href":"https:\/\/rucan.es\/ca\/wp-json\/wp\/v2\/media\/3329"}],"wp:attachment":[{"href":"https:\/\/rucan.es\/ca\/wp-json\/wp\/v2\/media?parent=4347"}],"wp:term":[{"taxonomy":"product_brand","embeddable":true,"href":"https:\/\/rucan.es\/ca\/wp-json\/wp\/v2\/product_brand?post=4347"},{"taxonomy":"product_cat","embeddable":true,"href":"https:\/\/rucan.es\/ca\/wp-json\/wp\/v2\/product_cat?post=4347"},{"taxonomy":"product_tag","embeddable":true,"href":"https:\/\/rucan.es\/ca\/wp-json\/wp\/v2\/product_tag?post=4347"}],"curies":[{"name":"wp","href":"https:\/\/api.w.org\/{rel}","templated":true}]}}