{"id":4348,"date":"2024-10-25T11:57:33","date_gmt":"2024-10-25T11:57:33","guid":{"rendered":"https:\/\/rucan.es\/?post_type=product&#038;p=4348"},"modified":"2025-09-22T00:00:49","modified_gmt":"2025-09-22T00:00:49","slug":"conic-mitja-lila","status":"publish","type":"product","link":"https:\/\/rucan.es\/ca\/producto\/conic-mitja-lila\/","title":{"rendered":"Conic mitj\u00e0 lila"},"content":{"rendered":"","protected":false},"excerpt":{"rendered":"<p>El Conic en mida mitjana i duresa Alta (color lila) \u00e9s perfecte per a gossos de mida petita i mitjana amb una mossegada molt forta i tend\u00e8ncia a trencar joguines. La seva alta resist\u00e8ncia est\u00e0 dissenyada per suportar mand\u00edbules potents, oferint m\u00e9s durabilitat per a gossos actius.<\/p>\n<p><strong>Duresa: Alta<\/strong><\/p>\n<p><img decoding=\"async\" class=\"alignnone size-full wp-image-567\" src=\"https:\/\/rucan.es\/wp-content\/uploads\/2024\/10\/Group-196.svg\" alt=\"\" \/><br \/>\n<br \/>\n<a class=\"us-btn-style_6 \" href=\"https:\/\/rucan.es\/tienda-de-rucan\/\">Tornar a la botiga<\/a><\/p>\n","protected":false},"featured_media":3317,"comment_status":"closed","ping_status":"closed","template":"","meta":{"_acf_changed":false},"product_brand":[],"product_cat":[471],"product_tag":[],"class_list":{"0":"post-4348","1":"product","2":"type-product","3":"status-publish","4":"has-post-thumbnail","6":"product_cat-conic-2","7":"pa_razas-sloughi","8":"pa_razas-spaniel-azul-de-picardia","9":"pa_razas-spaniel-breton","10":"pa_razas-spaniel-holandes","11":"pa_razas-spitz-aleman-grande","12":"pa_razas-spitz-aleman-pequeno","13":"pa_razas-spitz-de-norrbotten","14":"pa_razas-spitz-finlandes","15":"pa_razas-spitz-japones-ca","16":"pa_razas-springer-spaniel-gales","17":"pa_razas-teckel-ca","18":"pa_razas-terrier-australia","19":"pa_razas-terrier-de-norfolk-ca","20":"pa_razas-terrier-de-norwich-ca","21":"pa_razas-terrier-japones-ca","22":"pa_razas-volpi-italia","23":"pa_razas-west-highland-white-terrier","24":"pa_razas-west-highland-white-terrier-ca","25":"tm-has-options","27":"first","28":"instock","29":"taxable","30":"shipping-taxable","31":"purchasable","32":"product-type-simple"},"acf":[],"yoast_head":"<!-- This site is optimized with the Yoast SEO plugin v27.4 - https:\/\/yoast.com\/product\/yoast-seo-wordpress\/ -->\n<title>Conic mitj\u00e0 lila - Rucan | Juguetes para perros de caucho natural<\/title>\n<meta name=\"description\" content=\"Conic mitj\u00e0 lila. Desc\u00fabrelo en nuestra tienda online.\" \/>\n<meta name=\"robots\" content=\"index, follow, max-snippet:-1, max-image-preview:large, max-video-preview:-1\" \/>\n<link rel=\"canonical\" href=\"https:\/\/rucan.es\/ca\/producto\/conic-mitja-lila\/\" \/>\n<meta property=\"og:locale\" content=\"ca_ES\" \/>\n<meta property=\"og:type\" content=\"article\" \/>\n<meta property=\"og:title\" content=\"Conic mitj\u00e0 lila - Rucan | Juguetes para perros de caucho natural\" \/>\n<meta property=\"og:description\" content=\"Conic mitj\u00e0 lila. Desc\u00fabrelo en nuestra tienda online.\" \/>\n<meta property=\"og:url\" content=\"https:\/\/rucan.es\/ca\/producto\/conic-mitja-lila\/\" \/>\n<meta property=\"og:site_name\" content=\"Rucan | Juguetes para perros de caucho natural\" \/>\n<meta property=\"article:publisher\" content=\"https:\/\/www.facebook.com\/RucanD0gs\" \/>\n<meta property=\"article:modified_time\" content=\"2025-09-22T00:00:49+00:00\" \/>\n<meta property=\"og:image\" content=\"https:\/\/blanchedalmond-pelican-299657.hostingersite.com\/wp-content\/uploads\/2024\/10\/conolila-e1729858485730.png\" \/>\n\t<meta property=\"og:image:width\" content=\"445\" \/>\n\t<meta property=\"og:image:height\" content=\"392\" \/>\n\t<meta property=\"og:image:type\" content=\"image\/png\" \/>\n<meta name=\"twitter:card\" content=\"summary_large_image\" \/>\n<meta name=\"twitter:label1\" content=\"Temps estimat de lectura\" \/>\n\t<meta name=\"twitter:data1\" content=\"1 minut\" \/>\n<script type=\"application\/ld+json\" class=\"yoast-schema-graph\">{\"@context\":\"https:\\\/\\\/schema.org\",\"@graph\":[{\"@type\":\"WebPage\",\"@id\":\"https:\\\/\\\/rucan.es\\\/ca\\\/producto\\\/conic-mitja-lila\\\/\",\"url\":\"https:\\\/\\\/rucan.es\\\/ca\\\/producto\\\/conic-mitja-lila\\\/\",\"name\":\"Conic mitj\u00e0 lila - Rucan | Juguetes para perros de caucho natural\",\"isPartOf\":{\"@id\":\"https:\\\/\\\/blanchedalmond-pelican-299657.hostingersite.com\\\/#website\"},\"primaryImageOfPage\":{\"@id\":\"https:\\\/\\\/rucan.es\\\/ca\\\/producto\\\/conic-mitja-lila\\\/#primaryimage\"},\"image\":{\"@id\":\"https:\\\/\\\/rucan.es\\\/ca\\\/producto\\\/conic-mitja-lila\\\/#primaryimage\"},\"thumbnailUrl\":\"https:\\\/\\\/rucan.es\\\/wp-content\\\/uploads\\\/2024\\\/10\\\/conolila-e1729858485730.png\",\"datePublished\":\"2024-10-25T11:57:33+00:00\",\"dateModified\":\"2025-09-22T00:00:49+00:00\",\"description\":\"Conic mitj\u00e0 lila. Desc\u00fabrelo en nuestra tienda online.\",\"breadcrumb\":{\"@id\":\"https:\\\/\\\/rucan.es\\\/ca\\\/producto\\\/conic-mitja-lila\\\/#breadcrumb\"},\"inLanguage\":\"ca\",\"potentialAction\":[{\"@type\":\"ReadAction\",\"target\":[\"https:\\\/\\\/rucan.es\\\/ca\\\/producto\\\/conic-mitja-lila\\\/\"]}]},{\"@type\":\"ImageObject\",\"inLanguage\":\"ca\",\"@id\":\"https:\\\/\\\/rucan.es\\\/ca\\\/producto\\\/conic-mitja-lila\\\/#primaryimage\",\"url\":\"https:\\\/\\\/rucan.es\\\/wp-content\\\/uploads\\\/2024\\\/10\\\/conolila-e1729858485730.png\",\"contentUrl\":\"https:\\\/\\\/rucan.es\\\/wp-content\\\/uploads\\\/2024\\\/10\\\/conolila-e1729858485730.png\",\"width\":445,\"height\":392},{\"@type\":\"BreadcrumbList\",\"@id\":\"https:\\\/\\\/rucan.es\\\/ca\\\/producto\\\/conic-mitja-lila\\\/#breadcrumb\",\"itemListElement\":[{\"@type\":\"ListItem\",\"position\":1,\"name\":\"Portada\",\"item\":\"https:\\\/\\\/rucan.es\\\/ca\\\/\"},{\"@type\":\"ListItem\",\"position\":2,\"name\":\"Tienda\",\"item\":\"https:\\\/\\\/blanchedalmond-pelican-299657.hostingersite.com\\\/tienda\\\/\"},{\"@type\":\"ListItem\",\"position\":3,\"name\":\"Conic mitj\u00e0 lila\"}]},{\"@type\":\"WebSite\",\"@id\":\"https:\\\/\\\/blanchedalmond-pelican-299657.hostingersite.com\\\/#website\",\"url\":\"https:\\\/\\\/blanchedalmond-pelican-299657.hostingersite.com\\\/\",\"name\":\"Rucan | Juguetes de caucho natural para perros\",\"description\":\"Juguetes interactivos para perros de caucho natural\",\"publisher\":{\"@id\":\"https:\\\/\\\/blanchedalmond-pelican-299657.hostingersite.com\\\/#organization\"},\"potentialAction\":[{\"@type\":\"SearchAction\",\"target\":{\"@type\":\"EntryPoint\",\"urlTemplate\":\"https:\\\/\\\/blanchedalmond-pelican-299657.hostingersite.com\\\/?s={search_term_string}\"},\"query-input\":{\"@type\":\"PropertyValueSpecification\",\"valueRequired\":true,\"valueName\":\"search_term_string\"}}],\"inLanguage\":\"ca\"},{\"@type\":\"Organization\",\"@id\":\"https:\\\/\\\/blanchedalmond-pelican-299657.hostingersite.com\\\/#organization\",\"name\":\"Rucan | Juguetes de caucho natural para perros\",\"url\":\"https:\\\/\\\/blanchedalmond-pelican-299657.hostingersite.com\\\/\",\"logo\":{\"@type\":\"ImageObject\",\"inLanguage\":\"ca\",\"@id\":\"https:\\\/\\\/blanchedalmond-pelican-299657.hostingersite.com\\\/#\\\/schema\\\/logo\\\/image\\\/\",\"url\":\"https:\\\/\\\/rucan.es\\\/wp-content\\\/uploads\\\/2024\\\/10\\\/rucan.png\",\"contentUrl\":\"https:\\\/\\\/rucan.es\\\/wp-content\\\/uploads\\\/2024\\\/10\\\/rucan.png\",\"width\":128,\"height\":128,\"caption\":\"Rucan | Juguetes de caucho natural para perros\"},\"image\":{\"@id\":\"https:\\\/\\\/blanchedalmond-pelican-299657.hostingersite.com\\\/#\\\/schema\\\/logo\\\/image\\\/\"},\"sameAs\":[\"https:\\\/\\\/www.facebook.com\\\/RucanD0gs\",\"https:\\\/\\\/es.linkedin.com\\\/company\\\/rucan\",\"https:\\\/\\\/www.instagram.com\\\/rucan_dogs\\\/\",\"https:\\\/\\\/www.tiktok.com\\\/@rucandogs\"]}]}<\/script>\n<!-- \/ Yoast SEO plugin. -->","yoast_head_json":{"title":"Conic mitj\u00e0 lila - Rucan | Juguetes para perros de caucho natural","description":"Conic mitj\u00e0 lila. Desc\u00fabrelo en nuestra tienda online.","robots":{"index":"index","follow":"follow","max-snippet":"max-snippet:-1","max-image-preview":"max-image-preview:large","max-video-preview":"max-video-preview:-1"},"canonical":"https:\/\/rucan.es\/ca\/producto\/conic-mitja-lila\/","og_locale":"ca_ES","og_type":"article","og_title":"Conic mitj\u00e0 lila - Rucan | Juguetes para perros de caucho natural","og_description":"Conic mitj\u00e0 lila. Desc\u00fabrelo en nuestra tienda online.","og_url":"https:\/\/rucan.es\/ca\/producto\/conic-mitja-lila\/","og_site_name":"Rucan | Juguetes para perros de caucho natural","article_publisher":"https:\/\/www.facebook.com\/RucanD0gs","article_modified_time":"2025-09-22T00:00:49+00:00","og_image":[{"width":445,"height":392,"url":"https:\/\/blanchedalmond-pelican-299657.hostingersite.com\/wp-content\/uploads\/2024\/10\/conolila-e1729858485730.png","type":"image\/png"}],"twitter_card":"summary_large_image","twitter_misc":{"Temps estimat de lectura":"1 minut"},"schema":{"@context":"https:\/\/schema.org","@graph":[{"@type":"WebPage","@id":"https:\/\/rucan.es\/ca\/producto\/conic-mitja-lila\/","url":"https:\/\/rucan.es\/ca\/producto\/conic-mitja-lila\/","name":"Conic mitj\u00e0 lila - Rucan | Juguetes para perros de caucho natural","isPartOf":{"@id":"https:\/\/blanchedalmond-pelican-299657.hostingersite.com\/#website"},"primaryImageOfPage":{"@id":"https:\/\/rucan.es\/ca\/producto\/conic-mitja-lila\/#primaryimage"},"image":{"@id":"https:\/\/rucan.es\/ca\/producto\/conic-mitja-lila\/#primaryimage"},"thumbnailUrl":"https:\/\/rucan.es\/wp-content\/uploads\/2024\/10\/conolila-e1729858485730.png","datePublished":"2024-10-25T11:57:33+00:00","dateModified":"2025-09-22T00:00:49+00:00","description":"Conic mitj\u00e0 lila. Desc\u00fabrelo en nuestra tienda online.","breadcrumb":{"@id":"https:\/\/rucan.es\/ca\/producto\/conic-mitja-lila\/#breadcrumb"},"inLanguage":"ca","potentialAction":[{"@type":"ReadAction","target":["https:\/\/rucan.es\/ca\/producto\/conic-mitja-lila\/"]}]},{"@type":"ImageObject","inLanguage":"ca","@id":"https:\/\/rucan.es\/ca\/producto\/conic-mitja-lila\/#primaryimage","url":"https:\/\/rucan.es\/wp-content\/uploads\/2024\/10\/conolila-e1729858485730.png","contentUrl":"https:\/\/rucan.es\/wp-content\/uploads\/2024\/10\/conolila-e1729858485730.png","width":445,"height":392},{"@type":"BreadcrumbList","@id":"https:\/\/rucan.es\/ca\/producto\/conic-mitja-lila\/#breadcrumb","itemListElement":[{"@type":"ListItem","position":1,"name":"Portada","item":"https:\/\/rucan.es\/ca\/"},{"@type":"ListItem","position":2,"name":"Tienda","item":"https:\/\/blanchedalmond-pelican-299657.hostingersite.com\/tienda\/"},{"@type":"ListItem","position":3,"name":"Conic mitj\u00e0 lila"}]},{"@type":"WebSite","@id":"https:\/\/blanchedalmond-pelican-299657.hostingersite.com\/#website","url":"https:\/\/blanchedalmond-pelican-299657.hostingersite.com\/","name":"Rucan | Juguetes de caucho natural para perros","description":"Juguetes interactivos para perros de caucho natural","publisher":{"@id":"https:\/\/blanchedalmond-pelican-299657.hostingersite.com\/#organization"},"potentialAction":[{"@type":"SearchAction","target":{"@type":"EntryPoint","urlTemplate":"https:\/\/blanchedalmond-pelican-299657.hostingersite.com\/?s={search_term_string}"},"query-input":{"@type":"PropertyValueSpecification","valueRequired":true,"valueName":"search_term_string"}}],"inLanguage":"ca"},{"@type":"Organization","@id":"https:\/\/blanchedalmond-pelican-299657.hostingersite.com\/#organization","name":"Rucan | Juguetes de caucho natural para perros","url":"https:\/\/blanchedalmond-pelican-299657.hostingersite.com\/","logo":{"@type":"ImageObject","inLanguage":"ca","@id":"https:\/\/blanchedalmond-pelican-299657.hostingersite.com\/#\/schema\/logo\/image\/","url":"https:\/\/rucan.es\/wp-content\/uploads\/2024\/10\/rucan.png","contentUrl":"https:\/\/rucan.es\/wp-content\/uploads\/2024\/10\/rucan.png","width":128,"height":128,"caption":"Rucan | Juguetes de caucho natural para perros"},"image":{"@id":"https:\/\/blanchedalmond-pelican-299657.hostingersite.com\/#\/schema\/logo\/image\/"},"sameAs":["https:\/\/www.facebook.com\/RucanD0gs","https:\/\/es.linkedin.com\/company\/rucan","https:\/\/www.instagram.com\/rucan_dogs\/","https:\/\/www.tiktok.com\/@rucandogs"]}]}},"_links":{"self":[{"href":"https:\/\/rucan.es\/ca\/wp-json\/wp\/v2\/product\/4348","targetHints":{"allow":["GET"]}}],"collection":[{"href":"https:\/\/rucan.es\/ca\/wp-json\/wp\/v2\/product"}],"about":[{"href":"https:\/\/rucan.es\/ca\/wp-json\/wp\/v2\/types\/product"}],"replies":[{"embeddable":true,"href":"https:\/\/rucan.es\/ca\/wp-json\/wp\/v2\/comments?post=4348"}],"wp:featuredmedia":[{"embeddable":true,"href":"https:\/\/rucan.es\/ca\/wp-json\/wp\/v2\/media\/3317"}],"wp:attachment":[{"href":"https:\/\/rucan.es\/ca\/wp-json\/wp\/v2\/media?parent=4348"}],"wp:term":[{"taxonomy":"product_brand","embeddable":true,"href":"https:\/\/rucan.es\/ca\/wp-json\/wp\/v2\/product_brand?post=4348"},{"taxonomy":"product_cat","embeddable":true,"href":"https:\/\/rucan.es\/ca\/wp-json\/wp\/v2\/product_cat?post=4348"},{"taxonomy":"product_tag","embeddable":true,"href":"https:\/\/rucan.es\/ca\/wp-json\/wp\/v2\/product_tag?post=4348"}],"curies":[{"name":"wp","href":"https:\/\/api.w.org\/{rel}","templated":true}]}}