{"id":4364,"date":"2024-10-28T10:52:29","date_gmt":"2024-10-28T10:52:29","guid":{"rendered":"https:\/\/rucan.es\/?post_type=product&#038;p=4364"},"modified":"2025-10-27T01:11:20","modified_gmt":"2025-10-27T01:11:20","slug":"sky-rings-disc-mitja-gran","status":"publish","type":"product","link":"https:\/\/rucan.es\/ca\/producto\/sky-rings-disc-mitja-gran\/","title":{"rendered":"Sky rings disc + mitj\u00e0+ gran"},"content":{"rendered":"","protected":false},"excerpt":{"rendered":"<p>El Pack de Skyrings inclou un<strong> Disc Petit<\/strong>,<strong> un Anell Mitj\u00e0<\/strong> i <strong>un Anell Gran<\/strong>, oferint una combinaci\u00f3 perfecta per a gossos de totes les mides i nivells d&#8217;energia. Aquest set est\u00e0 dissenyat per proporcionar versatilitat en el joc, adaptant-se tant a gossos petits i mitjans com a gossos grans. Ideal per a jocs a l&#8217;aire lliure, llan\u00e7ar, atrapar i mossegar, aquest pack fomenta l&#8217;exercici i la diversi\u00f3 de la teva mascota.<\/p>\n<p><a class=\"us-btn-style_6 \" href=\"https:\/\/rucan.es\/tienda-de-rucan\/\">Tornar a la botiga<\/a><\/p>\n<p>&nbsp;<\/p>\n<p>&nbsp;<\/p>\n","protected":false},"featured_media":3397,"comment_status":"closed","ping_status":"closed","template":"","meta":{"_acf_changed":false},"product_brand":[],"product_cat":[472],"product_tag":[474],"class_list":{"0":"post-4364","1":"product","2":"type-product","3":"status-publish","4":"has-post-thumbnail","6":"product_cat-skyrings-2","7":"product_tag-pack-ca","8":"pa_razas-airedale-terrier-ca","9":"pa_razas-bestiola-havanera","10":"pa_razas-bichon-frise-ca","11":"pa_razas-border-terrier-ca","12":"pa_razas-boston-terrier-ca","13":"pa_razas-cairn-terrier-ca","14":"pa_razas-carlino-ca","15":"pa_razas-cavalier-king-charles-ca","16":"pa_razas-cazador-de-alces-noruego","17":"pa_razas-coto-de-tulear","18":"pa_razas-dandie-dinmont-terrier-ca","19":"pa_razas-grifo-belga","20":"pa_razas-grifo-de-brusselles","21":"pa_razas-king-charles-spaniel-ca","22":"pa_razas-lhasa-apso-ca","23":"pa_razas-pequines","24":"pa_razas-petit-gos-lleo","25":"pa_razas-petit-llebrer-italia","26":"pa_razas-pinscher-miniatura-ca","27":"pa_razas-podenco-portugues-ca","28":"pa_razas-schnauzer-gigante","29":"pa_razas-setter-gordon","30":"pa_razas-setter-ingles","31":"pa_razas-setter-irlandes","32":"pa_razas-setter-irlandes-rojo-y-blanco","33":"pa_razas-shih-tzu-ca","34":"pa_razas-skye-terrier-ca","35":"pa_razas-spaniel-picardo","36":"pa_razas-spaniel-tibeta","37":"pa_razas-spitz-alemany-petit","38":"pa_razas-spitz-japones-ca","39":"pa_razas-teckel-ca","40":"pa_razas-terrier-australia","41":"pa_razas-terrier-de-norfolk-ca","42":"pa_razas-terrier-de-norwich-ca","43":"pa_razas-terrier-japones-ca","44":"pa_razas-villano-de-las-encartaciones","45":"pa_razas-volpi-italia","46":"pa_razas-west-highland-white-terrier-ca","47":"tm-has-options","49":"first","50":"instock","51":"taxable","52":"shipping-taxable","53":"purchasable","54":"product-type-simple"},"acf":[],"yoast_head":"<!-- This site is optimized with the Yoast SEO plugin v27.3 - https:\/\/yoast.com\/product\/yoast-seo-wordpress\/ -->\n<title>Sky rings disc + mitj\u00e0+ gran - Rucan | Juguetes para perros de caucho natural<\/title>\n<meta name=\"description\" content=\"Sky rings disc + mitj\u00e0+ gran. Desc\u00fabrelo en nuestra tienda online.\" \/>\n<meta name=\"robots\" content=\"index, follow, max-snippet:-1, max-image-preview:large, max-video-preview:-1\" \/>\n<link rel=\"canonical\" href=\"https:\/\/rucan.es\/ca\/producto\/sky-rings-disc-mitja-gran\/\" \/>\n<meta property=\"og:locale\" content=\"ca_ES\" \/>\n<meta property=\"og:type\" content=\"article\" \/>\n<meta property=\"og:title\" content=\"Sky rings disc + mitj\u00e0+ gran - Rucan | Juguetes para perros de caucho natural\" \/>\n<meta property=\"og:description\" content=\"Sky rings disc + mitj\u00e0+ gran. Desc\u00fabrelo en nuestra tienda online.\" \/>\n<meta property=\"og:url\" content=\"https:\/\/rucan.es\/ca\/producto\/sky-rings-disc-mitja-gran\/\" \/>\n<meta property=\"og:site_name\" content=\"Rucan | Juguetes para perros de caucho natural\" \/>\n<meta property=\"article:publisher\" content=\"https:\/\/www.facebook.com\/RucanD0gs\" \/>\n<meta property=\"article:modified_time\" content=\"2025-10-27T01:11:20+00:00\" \/>\n<meta property=\"og:image\" content=\"https:\/\/blanchedalmond-pelican-299657.hostingersite.com\/wp-content\/uploads\/2024\/10\/packskyrings-1007x1024.png\" \/>\n\t<meta property=\"og:image:width\" content=\"1007\" \/>\n\t<meta property=\"og:image:height\" content=\"1024\" \/>\n\t<meta property=\"og:image:type\" content=\"image\/png\" \/>\n<meta name=\"twitter:card\" content=\"summary_large_image\" \/>\n<script type=\"application\/ld+json\" class=\"yoast-schema-graph\">{\"@context\":\"https:\\\/\\\/schema.org\",\"@graph\":[{\"@type\":\"WebPage\",\"@id\":\"https:\\\/\\\/rucan.es\\\/ca\\\/producto\\\/sky-rings-disc-mitja-gran\\\/\",\"url\":\"https:\\\/\\\/rucan.es\\\/ca\\\/producto\\\/sky-rings-disc-mitja-gran\\\/\",\"name\":\"Sky rings disc + mitj\u00e0+ gran - Rucan | Juguetes para perros de caucho natural\",\"isPartOf\":{\"@id\":\"https:\\\/\\\/blanchedalmond-pelican-299657.hostingersite.com\\\/#website\"},\"primaryImageOfPage\":{\"@id\":\"https:\\\/\\\/rucan.es\\\/ca\\\/producto\\\/sky-rings-disc-mitja-gran\\\/#primaryimage\"},\"image\":{\"@id\":\"https:\\\/\\\/rucan.es\\\/ca\\\/producto\\\/sky-rings-disc-mitja-gran\\\/#primaryimage\"},\"thumbnailUrl\":\"https:\\\/\\\/rucan.es\\\/wp-content\\\/uploads\\\/2024\\\/10\\\/packskyrings.png\",\"datePublished\":\"2024-10-28T10:52:29+00:00\",\"dateModified\":\"2025-10-27T01:11:20+00:00\",\"description\":\"Sky rings disc + mitj\u00e0+ gran. Desc\u00fabrelo en nuestra tienda online.\",\"breadcrumb\":{\"@id\":\"https:\\\/\\\/rucan.es\\\/ca\\\/producto\\\/sky-rings-disc-mitja-gran\\\/#breadcrumb\"},\"inLanguage\":\"ca\",\"potentialAction\":[{\"@type\":\"ReadAction\",\"target\":[\"https:\\\/\\\/rucan.es\\\/ca\\\/producto\\\/sky-rings-disc-mitja-gran\\\/\"]}]},{\"@type\":\"ImageObject\",\"inLanguage\":\"ca\",\"@id\":\"https:\\\/\\\/rucan.es\\\/ca\\\/producto\\\/sky-rings-disc-mitja-gran\\\/#primaryimage\",\"url\":\"https:\\\/\\\/rucan.es\\\/wp-content\\\/uploads\\\/2024\\\/10\\\/packskyrings.png\",\"contentUrl\":\"https:\\\/\\\/rucan.es\\\/wp-content\\\/uploads\\\/2024\\\/10\\\/packskyrings.png\",\"width\":2596,\"height\":2639},{\"@type\":\"BreadcrumbList\",\"@id\":\"https:\\\/\\\/rucan.es\\\/ca\\\/producto\\\/sky-rings-disc-mitja-gran\\\/#breadcrumb\",\"itemListElement\":[{\"@type\":\"ListItem\",\"position\":1,\"name\":\"Portada\",\"item\":\"https:\\\/\\\/rucan.es\\\/ca\\\/\"},{\"@type\":\"ListItem\",\"position\":2,\"name\":\"Tienda\",\"item\":\"https:\\\/\\\/blanchedalmond-pelican-299657.hostingersite.com\\\/tienda\\\/\"},{\"@type\":\"ListItem\",\"position\":3,\"name\":\"Sky rings disc + mitj\u00e0+ gran\"}]},{\"@type\":\"WebSite\",\"@id\":\"https:\\\/\\\/blanchedalmond-pelican-299657.hostingersite.com\\\/#website\",\"url\":\"https:\\\/\\\/blanchedalmond-pelican-299657.hostingersite.com\\\/\",\"name\":\"Rucan | Juguetes de caucho natural para perros\",\"description\":\"Juguetes interactivos para perros de caucho natural\",\"publisher\":{\"@id\":\"https:\\\/\\\/blanchedalmond-pelican-299657.hostingersite.com\\\/#organization\"},\"potentialAction\":[{\"@type\":\"SearchAction\",\"target\":{\"@type\":\"EntryPoint\",\"urlTemplate\":\"https:\\\/\\\/blanchedalmond-pelican-299657.hostingersite.com\\\/?s={search_term_string}\"},\"query-input\":{\"@type\":\"PropertyValueSpecification\",\"valueRequired\":true,\"valueName\":\"search_term_string\"}}],\"inLanguage\":\"ca\"},{\"@type\":\"Organization\",\"@id\":\"https:\\\/\\\/blanchedalmond-pelican-299657.hostingersite.com\\\/#organization\",\"name\":\"Rucan | Juguetes de caucho natural para perros\",\"url\":\"https:\\\/\\\/blanchedalmond-pelican-299657.hostingersite.com\\\/\",\"logo\":{\"@type\":\"ImageObject\",\"inLanguage\":\"ca\",\"@id\":\"https:\\\/\\\/blanchedalmond-pelican-299657.hostingersite.com\\\/#\\\/schema\\\/logo\\\/image\\\/\",\"url\":\"https:\\\/\\\/rucan.es\\\/wp-content\\\/uploads\\\/2024\\\/10\\\/rucan.png\",\"contentUrl\":\"https:\\\/\\\/rucan.es\\\/wp-content\\\/uploads\\\/2024\\\/10\\\/rucan.png\",\"width\":128,\"height\":128,\"caption\":\"Rucan | Juguetes de caucho natural para perros\"},\"image\":{\"@id\":\"https:\\\/\\\/blanchedalmond-pelican-299657.hostingersite.com\\\/#\\\/schema\\\/logo\\\/image\\\/\"},\"sameAs\":[\"https:\\\/\\\/www.facebook.com\\\/RucanD0gs\",\"https:\\\/\\\/es.linkedin.com\\\/company\\\/rucan\",\"https:\\\/\\\/www.instagram.com\\\/rucan_dogs\\\/\",\"https:\\\/\\\/www.tiktok.com\\\/@rucandogs\"]}]}<\/script>\n<!-- \/ Yoast SEO plugin. -->","yoast_head_json":{"title":"Sky rings disc + mitj\u00e0+ gran - Rucan | Juguetes para perros de caucho natural","description":"Sky rings disc + mitj\u00e0+ gran. Desc\u00fabrelo en nuestra tienda online.","robots":{"index":"index","follow":"follow","max-snippet":"max-snippet:-1","max-image-preview":"max-image-preview:large","max-video-preview":"max-video-preview:-1"},"canonical":"https:\/\/rucan.es\/ca\/producto\/sky-rings-disc-mitja-gran\/","og_locale":"ca_ES","og_type":"article","og_title":"Sky rings disc + mitj\u00e0+ gran - Rucan | Juguetes para perros de caucho natural","og_description":"Sky rings disc + mitj\u00e0+ gran. Desc\u00fabrelo en nuestra tienda online.","og_url":"https:\/\/rucan.es\/ca\/producto\/sky-rings-disc-mitja-gran\/","og_site_name":"Rucan | Juguetes para perros de caucho natural","article_publisher":"https:\/\/www.facebook.com\/RucanD0gs","article_modified_time":"2025-10-27T01:11:20+00:00","og_image":[{"width":1007,"height":1024,"url":"https:\/\/blanchedalmond-pelican-299657.hostingersite.com\/wp-content\/uploads\/2024\/10\/packskyrings-1007x1024.png","type":"image\/png"}],"twitter_card":"summary_large_image","schema":{"@context":"https:\/\/schema.org","@graph":[{"@type":"WebPage","@id":"https:\/\/rucan.es\/ca\/producto\/sky-rings-disc-mitja-gran\/","url":"https:\/\/rucan.es\/ca\/producto\/sky-rings-disc-mitja-gran\/","name":"Sky rings disc + mitj\u00e0+ gran - Rucan | Juguetes para perros de caucho natural","isPartOf":{"@id":"https:\/\/blanchedalmond-pelican-299657.hostingersite.com\/#website"},"primaryImageOfPage":{"@id":"https:\/\/rucan.es\/ca\/producto\/sky-rings-disc-mitja-gran\/#primaryimage"},"image":{"@id":"https:\/\/rucan.es\/ca\/producto\/sky-rings-disc-mitja-gran\/#primaryimage"},"thumbnailUrl":"https:\/\/rucan.es\/wp-content\/uploads\/2024\/10\/packskyrings.png","datePublished":"2024-10-28T10:52:29+00:00","dateModified":"2025-10-27T01:11:20+00:00","description":"Sky rings disc + mitj\u00e0+ gran. Desc\u00fabrelo en nuestra tienda online.","breadcrumb":{"@id":"https:\/\/rucan.es\/ca\/producto\/sky-rings-disc-mitja-gran\/#breadcrumb"},"inLanguage":"ca","potentialAction":[{"@type":"ReadAction","target":["https:\/\/rucan.es\/ca\/producto\/sky-rings-disc-mitja-gran\/"]}]},{"@type":"ImageObject","inLanguage":"ca","@id":"https:\/\/rucan.es\/ca\/producto\/sky-rings-disc-mitja-gran\/#primaryimage","url":"https:\/\/rucan.es\/wp-content\/uploads\/2024\/10\/packskyrings.png","contentUrl":"https:\/\/rucan.es\/wp-content\/uploads\/2024\/10\/packskyrings.png","width":2596,"height":2639},{"@type":"BreadcrumbList","@id":"https:\/\/rucan.es\/ca\/producto\/sky-rings-disc-mitja-gran\/#breadcrumb","itemListElement":[{"@type":"ListItem","position":1,"name":"Portada","item":"https:\/\/rucan.es\/ca\/"},{"@type":"ListItem","position":2,"name":"Tienda","item":"https:\/\/blanchedalmond-pelican-299657.hostingersite.com\/tienda\/"},{"@type":"ListItem","position":3,"name":"Sky rings disc + mitj\u00e0+ gran"}]},{"@type":"WebSite","@id":"https:\/\/blanchedalmond-pelican-299657.hostingersite.com\/#website","url":"https:\/\/blanchedalmond-pelican-299657.hostingersite.com\/","name":"Rucan | Juguetes de caucho natural para perros","description":"Juguetes interactivos para perros de caucho natural","publisher":{"@id":"https:\/\/blanchedalmond-pelican-299657.hostingersite.com\/#organization"},"potentialAction":[{"@type":"SearchAction","target":{"@type":"EntryPoint","urlTemplate":"https:\/\/blanchedalmond-pelican-299657.hostingersite.com\/?s={search_term_string}"},"query-input":{"@type":"PropertyValueSpecification","valueRequired":true,"valueName":"search_term_string"}}],"inLanguage":"ca"},{"@type":"Organization","@id":"https:\/\/blanchedalmond-pelican-299657.hostingersite.com\/#organization","name":"Rucan | Juguetes de caucho natural para perros","url":"https:\/\/blanchedalmond-pelican-299657.hostingersite.com\/","logo":{"@type":"ImageObject","inLanguage":"ca","@id":"https:\/\/blanchedalmond-pelican-299657.hostingersite.com\/#\/schema\/logo\/image\/","url":"https:\/\/rucan.es\/wp-content\/uploads\/2024\/10\/rucan.png","contentUrl":"https:\/\/rucan.es\/wp-content\/uploads\/2024\/10\/rucan.png","width":128,"height":128,"caption":"Rucan | Juguetes de caucho natural para perros"},"image":{"@id":"https:\/\/blanchedalmond-pelican-299657.hostingersite.com\/#\/schema\/logo\/image\/"},"sameAs":["https:\/\/www.facebook.com\/RucanD0gs","https:\/\/es.linkedin.com\/company\/rucan","https:\/\/www.instagram.com\/rucan_dogs\/","https:\/\/www.tiktok.com\/@rucandogs"]}]}},"_links":{"self":[{"href":"https:\/\/rucan.es\/ca\/wp-json\/wp\/v2\/product\/4364","targetHints":{"allow":["GET"]}}],"collection":[{"href":"https:\/\/rucan.es\/ca\/wp-json\/wp\/v2\/product"}],"about":[{"href":"https:\/\/rucan.es\/ca\/wp-json\/wp\/v2\/types\/product"}],"replies":[{"embeddable":true,"href":"https:\/\/rucan.es\/ca\/wp-json\/wp\/v2\/comments?post=4364"}],"wp:featuredmedia":[{"embeddable":true,"href":"https:\/\/rucan.es\/ca\/wp-json\/wp\/v2\/media\/3397"}],"wp:attachment":[{"href":"https:\/\/rucan.es\/ca\/wp-json\/wp\/v2\/media?parent=4364"}],"wp:term":[{"taxonomy":"product_brand","embeddable":true,"href":"https:\/\/rucan.es\/ca\/wp-json\/wp\/v2\/product_brand?post=4364"},{"taxonomy":"product_cat","embeddable":true,"href":"https:\/\/rucan.es\/ca\/wp-json\/wp\/v2\/product_cat?post=4364"},{"taxonomy":"product_tag","embeddable":true,"href":"https:\/\/rucan.es\/ca\/wp-json\/wp\/v2\/product_tag?post=4364"}],"curies":[{"name":"wp","href":"https:\/\/api.w.org\/{rel}","templated":true}]}}