{"id":4367,"date":"2024-11-14T15:21:41","date_gmt":"2024-11-14T15:21:41","guid":{"rendered":"https:\/\/rucan.es\/?post_type=product&#038;p=4367"},"modified":"2025-10-27T01:11:08","modified_gmt":"2025-10-27T01:11:08","slug":"licklock","status":"publish","type":"product","link":"https:\/\/rucan.es\/ca\/producto\/licklock\/","title":{"rendered":"LickLock"},"content":{"rendered":"","protected":false},"excerpt":{"rendered":"<p>El<strong> LickLock<\/strong> \u00e9s el complement ideal per a la gamma <a href=\"https:\/\/rucan.es\/dogball\/\"><strong> DOGBALL<\/strong><\/a> i <a href=\"https:\/\/rucan.es\/conic\/\"><strong>CONIC<\/strong><\/a>.<\/p>\n<p>D&#8217;una banda, els taps LOCK blaus s&#8217;adapten a tots els nostres joguets DOGBALL i CONIC. Utilitzant els taps, podr\u00e0s omplir els joguets amb menjar i fins i tot l\u00edquids, per mantenir-los tancats i preparats a la nevera, o per congelar-los i aix\u00ed allargar molt m\u00e9s el temps d&#8217;interacci\u00f3 de la teva mascota intentant extreure el menjar. A m\u00e9s, l&#8217;\u00fas dels LOCK \u00e9s molt m\u00e9s net i ecol\u00f2gic que utilitzar bosses o film de pl\u00e0stic, ja que s\u00f3n reutilitzables. Un cop utilitzats, els pots tornar a guardar a la safata taronja LICK i aix\u00ed sempre els tindr\u00e0s localitzats.<\/p>\n<p>D&#8217;altra banda, la safata LICK \u00e9s l&#8217;accessori perfecte per mantenir el teu gos entretingut, relaxat i mentalment estimulat. Dissenyat perqu\u00e8 la teva mascota gaudeixi del seu menjar o snacks favorits de forma divertida i calma.<\/p>\n<p>Quan vagis a utilitzar la safata LICK, treu els taps LOCK per evitar accidents amb el teu gos, ext\u00e9n el menjar (h\u00famed, iogurt, &#8230;) sobre la superf\u00edcie del LICK, i deixa que el teu gos ho lambi, promovent h\u00e0bits alimentaris m\u00e9s lents i reduint l&#8217;ansietat.<\/p>\n<p><a class=\"us-btn-style_6 \" href=\"https:\/\/rucan.es\/tienda-de-rucan\/\">Torna a la botiga<\/a><\/p>\n<p>&nbsp;<\/p>\n","protected":false},"featured_media":3703,"comment_status":"closed","ping_status":"closed","template":"","meta":{"_acf_changed":false},"product_brand":[],"product_cat":[478],"product_tag":[],"class_list":{"0":"post-4367","1":"product","2":"type-product","3":"status-publish","4":"has-post-thumbnail","6":"product_cat-lick-lock-2","7":"pa_razas-affenpinscher-ca","8":"pa_razas-airedale-terrier-ca","9":"pa_razas-bestiola-havanera","10":"pa_razas-bichon-bolones-ca","11":"pa_razas-bichon-frise-ca","12":"pa_razas-bichon-maltes-ca","13":"pa_razas-border-terrier-ca","14":"pa_razas-boston-terrier-ca","15":"pa_razas-cairn-terrier-ca","16":"pa_razas-caniche-toy-ca","17":"pa_razas-carlino-ca","18":"pa_razas-cavalier-king-charles-ca","19":"pa_razas-cazador-de-alces-noruego","20":"pa_razas-chihuahua-ca","21":"pa_razas-coto-de-tulear","22":"pa_razas-crestat-xines","23":"pa_razas-dandie-dinmont-terrier-ca","24":"pa_razas-grifo-belga","25":"pa_razas-grifo-de-brusselles","26":"pa_razas-king-charles-spaniel-ca","27":"pa_razas-lhasa-apso-ca","28":"pa_razas-pequines","29":"pa_razas-perro-de-montana-de-los-pirineos","30":"pa_razas-perro-de-pastor-kangal","31":"pa_razas-petit-brabancon-ca","32":"pa_razas-petit-gos-lleo","33":"pa_razas-petit-gos-rus","34":"pa_razas-petit-llebrer-italia","35":"pa_razas-pinscher-miniatura-ca","36":"pa_razas-podenco-portugues-ca","37":"pa_razas-pomerania-ca","38":"pa_razas-presa-canario","39":"pa_razas-rottweiler","40":"pa_razas-san-bernardo","41":"pa_razas-shih-tzu-ca","42":"pa_razas-silky-terrier-australia","43":"pa_razas-skye-terrier-ca","44":"pa_razas-spaniel-continental-nan","45":"pa_razas-spaniel-japones-ca","46":"pa_razas-spaniel-tibeta","47":"pa_razas-spitz-alemany-petit","48":"pa_razas-spitz-japones-ca","49":"pa_razas-teckel-ca","50":"pa_razas-terranova","51":"pa_razas-terrier-angles-miniatura","52":"pa_razas-terrier-australia","53":"pa_razas-terrier-de-norfolk-ca","54":"pa_razas-terrier-de-norwich-ca","55":"pa_razas-terrier-japones-ca","56":"pa_razas-terrier-negro-de-rusia","57":"pa_razas-volpi-italia","58":"pa_razas-west-highland-white-terrier-ca","59":"pa_razas-yorkshire-terrier-ca","60":"tm-has-options","62":"first","63":"instock","64":"taxable","65":"shipping-taxable","66":"purchasable","67":"product-type-simple"},"acf":[],"yoast_head":"<!-- This site is optimized with the Yoast SEO plugin v27.5 - https:\/\/yoast.com\/product\/yoast-seo-wordpress\/ -->\n<title>LickLock - Rucan | Juguetes para perros de caucho natural<\/title>\n<meta name=\"description\" content=\"LickLock. Desc\u00fabrelo en nuestra tienda online.\" \/>\n<meta name=\"robots\" content=\"index, follow, max-snippet:-1, max-image-preview:large, max-video-preview:-1\" \/>\n<link rel=\"canonical\" href=\"https:\/\/rucan.es\/ca\/producto\/licklock\/\" \/>\n<meta property=\"og:locale\" content=\"ca_ES\" \/>\n<meta property=\"og:type\" content=\"article\" \/>\n<meta property=\"og:title\" content=\"LickLock - Rucan | Juguetes para perros de caucho natural\" \/>\n<meta property=\"og:description\" content=\"LickLock. Desc\u00fabrelo en nuestra tienda online.\" \/>\n<meta property=\"og:url\" content=\"https:\/\/rucan.es\/ca\/producto\/licklock\/\" \/>\n<meta property=\"og:site_name\" content=\"Rucan | Juguetes para perros de caucho natural\" \/>\n<meta property=\"article:publisher\" content=\"https:\/\/www.facebook.com\/RucanD0gs\" \/>\n<meta property=\"article:modified_time\" content=\"2025-10-27T01:11:08+00:00\" \/>\n<meta property=\"og:image\" content=\"https:\/\/rucan.es\/wp-content\/uploads\/2024\/10\/LLNAAZM-FRONTAL-3-e1730382237446.png\" \/>\n\t<meta property=\"og:image:width\" content=\"790\" \/>\n\t<meta property=\"og:image:height\" content=\"790\" \/>\n\t<meta property=\"og:image:type\" content=\"image\/png\" \/>\n<meta name=\"twitter:card\" content=\"summary_large_image\" \/>\n<meta name=\"twitter:label1\" content=\"Temps estimat de lectura\" \/>\n\t<meta name=\"twitter:data1\" content=\"1 minut\" \/>\n<script type=\"application\/ld+json\" class=\"yoast-schema-graph\">{\"@context\":\"https:\\\/\\\/schema.org\",\"@graph\":[{\"@type\":\"WebPage\",\"@id\":\"https:\\\/\\\/rucan.es\\\/ca\\\/producto\\\/licklock\\\/\",\"url\":\"https:\\\/\\\/rucan.es\\\/ca\\\/producto\\\/licklock\\\/\",\"name\":\"LickLock - Rucan | Juguetes para perros de caucho natural\",\"isPartOf\":{\"@id\":\"https:\\\/\\\/blanchedalmond-pelican-299657.hostingersite.com\\\/#website\"},\"primaryImageOfPage\":{\"@id\":\"https:\\\/\\\/rucan.es\\\/ca\\\/producto\\\/licklock\\\/#primaryimage\"},\"image\":{\"@id\":\"https:\\\/\\\/rucan.es\\\/ca\\\/producto\\\/licklock\\\/#primaryimage\"},\"thumbnailUrl\":\"https:\\\/\\\/rucan.es\\\/wp-content\\\/uploads\\\/2024\\\/10\\\/LLNAAZM-FRONTAL-3-e1730382237446.png\",\"datePublished\":\"2024-11-14T15:21:41+00:00\",\"dateModified\":\"2025-10-27T01:11:08+00:00\",\"description\":\"LickLock. Desc\u00fabrelo en nuestra tienda online.\",\"breadcrumb\":{\"@id\":\"https:\\\/\\\/rucan.es\\\/ca\\\/producto\\\/licklock\\\/#breadcrumb\"},\"inLanguage\":\"ca\",\"potentialAction\":[{\"@type\":\"ReadAction\",\"target\":[\"https:\\\/\\\/rucan.es\\\/ca\\\/producto\\\/licklock\\\/\"]}]},{\"@type\":\"ImageObject\",\"inLanguage\":\"ca\",\"@id\":\"https:\\\/\\\/rucan.es\\\/ca\\\/producto\\\/licklock\\\/#primaryimage\",\"url\":\"https:\\\/\\\/rucan.es\\\/wp-content\\\/uploads\\\/2024\\\/10\\\/LLNAAZM-FRONTAL-3-e1730382237446.png\",\"contentUrl\":\"https:\\\/\\\/rucan.es\\\/wp-content\\\/uploads\\\/2024\\\/10\\\/LLNAAZM-FRONTAL-3-e1730382237446.png\",\"width\":790,\"height\":790},{\"@type\":\"BreadcrumbList\",\"@id\":\"https:\\\/\\\/rucan.es\\\/ca\\\/producto\\\/licklock\\\/#breadcrumb\",\"itemListElement\":[{\"@type\":\"ListItem\",\"position\":1,\"name\":\"Portada\",\"item\":\"https:\\\/\\\/rucan.es\\\/ca\\\/\"},{\"@type\":\"ListItem\",\"position\":2,\"name\":\"Tienda\",\"item\":\"https:\\\/\\\/blanchedalmond-pelican-299657.hostingersite.com\\\/tienda\\\/\"},{\"@type\":\"ListItem\",\"position\":3,\"name\":\"LickLock\"}]},{\"@type\":\"WebSite\",\"@id\":\"https:\\\/\\\/blanchedalmond-pelican-299657.hostingersite.com\\\/#website\",\"url\":\"https:\\\/\\\/blanchedalmond-pelican-299657.hostingersite.com\\\/\",\"name\":\"Rucan | Juguetes de caucho natural para perros\",\"description\":\"Juguetes interactivos para perros de caucho natural\",\"publisher\":{\"@id\":\"https:\\\/\\\/blanchedalmond-pelican-299657.hostingersite.com\\\/#organization\"},\"potentialAction\":[{\"@type\":\"SearchAction\",\"target\":{\"@type\":\"EntryPoint\",\"urlTemplate\":\"https:\\\/\\\/blanchedalmond-pelican-299657.hostingersite.com\\\/?s={search_term_string}\"},\"query-input\":{\"@type\":\"PropertyValueSpecification\",\"valueRequired\":true,\"valueName\":\"search_term_string\"}}],\"inLanguage\":\"ca\"},{\"@type\":\"Organization\",\"@id\":\"https:\\\/\\\/blanchedalmond-pelican-299657.hostingersite.com\\\/#organization\",\"name\":\"Rucan | Juguetes de caucho natural para perros\",\"url\":\"https:\\\/\\\/blanchedalmond-pelican-299657.hostingersite.com\\\/\",\"logo\":{\"@type\":\"ImageObject\",\"inLanguage\":\"ca\",\"@id\":\"https:\\\/\\\/blanchedalmond-pelican-299657.hostingersite.com\\\/#\\\/schema\\\/logo\\\/image\\\/\",\"url\":\"https:\\\/\\\/rucan.es\\\/wp-content\\\/uploads\\\/2024\\\/10\\\/rucan.png\",\"contentUrl\":\"https:\\\/\\\/rucan.es\\\/wp-content\\\/uploads\\\/2024\\\/10\\\/rucan.png\",\"width\":128,\"height\":128,\"caption\":\"Rucan | Juguetes de caucho natural para perros\"},\"image\":{\"@id\":\"https:\\\/\\\/blanchedalmond-pelican-299657.hostingersite.com\\\/#\\\/schema\\\/logo\\\/image\\\/\"},\"sameAs\":[\"https:\\\/\\\/www.facebook.com\\\/RucanD0gs\",\"https:\\\/\\\/es.linkedin.com\\\/company\\\/rucan\",\"https:\\\/\\\/www.instagram.com\\\/rucan_dogs\\\/\",\"https:\\\/\\\/www.tiktok.com\\\/@rucandogs\"]}]}<\/script>\n<!-- \/ Yoast SEO plugin. -->","yoast_head_json":{"title":"LickLock - Rucan | Juguetes para perros de caucho natural","description":"LickLock. Desc\u00fabrelo en nuestra tienda online.","robots":{"index":"index","follow":"follow","max-snippet":"max-snippet:-1","max-image-preview":"max-image-preview:large","max-video-preview":"max-video-preview:-1"},"canonical":"https:\/\/rucan.es\/ca\/producto\/licklock\/","og_locale":"ca_ES","og_type":"article","og_title":"LickLock - Rucan | Juguetes para perros de caucho natural","og_description":"LickLock. Desc\u00fabrelo en nuestra tienda online.","og_url":"https:\/\/rucan.es\/ca\/producto\/licklock\/","og_site_name":"Rucan | Juguetes para perros de caucho natural","article_publisher":"https:\/\/www.facebook.com\/RucanD0gs","article_modified_time":"2025-10-27T01:11:08+00:00","og_image":[{"width":790,"height":790,"url":"https:\/\/rucan.es\/wp-content\/uploads\/2024\/10\/LLNAAZM-FRONTAL-3-e1730382237446.png","type":"image\/png"}],"twitter_card":"summary_large_image","twitter_misc":{"Temps estimat de lectura":"1 minut"},"schema":{"@context":"https:\/\/schema.org","@graph":[{"@type":"WebPage","@id":"https:\/\/rucan.es\/ca\/producto\/licklock\/","url":"https:\/\/rucan.es\/ca\/producto\/licklock\/","name":"LickLock - Rucan | Juguetes para perros de caucho natural","isPartOf":{"@id":"https:\/\/blanchedalmond-pelican-299657.hostingersite.com\/#website"},"primaryImageOfPage":{"@id":"https:\/\/rucan.es\/ca\/producto\/licklock\/#primaryimage"},"image":{"@id":"https:\/\/rucan.es\/ca\/producto\/licklock\/#primaryimage"},"thumbnailUrl":"https:\/\/rucan.es\/wp-content\/uploads\/2024\/10\/LLNAAZM-FRONTAL-3-e1730382237446.png","datePublished":"2024-11-14T15:21:41+00:00","dateModified":"2025-10-27T01:11:08+00:00","description":"LickLock. Desc\u00fabrelo en nuestra tienda online.","breadcrumb":{"@id":"https:\/\/rucan.es\/ca\/producto\/licklock\/#breadcrumb"},"inLanguage":"ca","potentialAction":[{"@type":"ReadAction","target":["https:\/\/rucan.es\/ca\/producto\/licklock\/"]}]},{"@type":"ImageObject","inLanguage":"ca","@id":"https:\/\/rucan.es\/ca\/producto\/licklock\/#primaryimage","url":"https:\/\/rucan.es\/wp-content\/uploads\/2024\/10\/LLNAAZM-FRONTAL-3-e1730382237446.png","contentUrl":"https:\/\/rucan.es\/wp-content\/uploads\/2024\/10\/LLNAAZM-FRONTAL-3-e1730382237446.png","width":790,"height":790},{"@type":"BreadcrumbList","@id":"https:\/\/rucan.es\/ca\/producto\/licklock\/#breadcrumb","itemListElement":[{"@type":"ListItem","position":1,"name":"Portada","item":"https:\/\/rucan.es\/ca\/"},{"@type":"ListItem","position":2,"name":"Tienda","item":"https:\/\/blanchedalmond-pelican-299657.hostingersite.com\/tienda\/"},{"@type":"ListItem","position":3,"name":"LickLock"}]},{"@type":"WebSite","@id":"https:\/\/blanchedalmond-pelican-299657.hostingersite.com\/#website","url":"https:\/\/blanchedalmond-pelican-299657.hostingersite.com\/","name":"Rucan | Juguetes de caucho natural para perros","description":"Juguetes interactivos para perros de caucho natural","publisher":{"@id":"https:\/\/blanchedalmond-pelican-299657.hostingersite.com\/#organization"},"potentialAction":[{"@type":"SearchAction","target":{"@type":"EntryPoint","urlTemplate":"https:\/\/blanchedalmond-pelican-299657.hostingersite.com\/?s={search_term_string}"},"query-input":{"@type":"PropertyValueSpecification","valueRequired":true,"valueName":"search_term_string"}}],"inLanguage":"ca"},{"@type":"Organization","@id":"https:\/\/blanchedalmond-pelican-299657.hostingersite.com\/#organization","name":"Rucan | Juguetes de caucho natural para perros","url":"https:\/\/blanchedalmond-pelican-299657.hostingersite.com\/","logo":{"@type":"ImageObject","inLanguage":"ca","@id":"https:\/\/blanchedalmond-pelican-299657.hostingersite.com\/#\/schema\/logo\/image\/","url":"https:\/\/rucan.es\/wp-content\/uploads\/2024\/10\/rucan.png","contentUrl":"https:\/\/rucan.es\/wp-content\/uploads\/2024\/10\/rucan.png","width":128,"height":128,"caption":"Rucan | Juguetes de caucho natural para perros"},"image":{"@id":"https:\/\/blanchedalmond-pelican-299657.hostingersite.com\/#\/schema\/logo\/image\/"},"sameAs":["https:\/\/www.facebook.com\/RucanD0gs","https:\/\/es.linkedin.com\/company\/rucan","https:\/\/www.instagram.com\/rucan_dogs\/","https:\/\/www.tiktok.com\/@rucandogs"]}]}},"_links":{"self":[{"href":"https:\/\/rucan.es\/ca\/wp-json\/wp\/v2\/product\/4367","targetHints":{"allow":["GET"]}}],"collection":[{"href":"https:\/\/rucan.es\/ca\/wp-json\/wp\/v2\/product"}],"about":[{"href":"https:\/\/rucan.es\/ca\/wp-json\/wp\/v2\/types\/product"}],"replies":[{"embeddable":true,"href":"https:\/\/rucan.es\/ca\/wp-json\/wp\/v2\/comments?post=4367"}],"wp:featuredmedia":[{"embeddable":true,"href":"https:\/\/rucan.es\/ca\/wp-json\/wp\/v2\/media\/3703"}],"wp:attachment":[{"href":"https:\/\/rucan.es\/ca\/wp-json\/wp\/v2\/media?parent=4367"}],"wp:term":[{"taxonomy":"product_brand","embeddable":true,"href":"https:\/\/rucan.es\/ca\/wp-json\/wp\/v2\/product_brand?post=4367"},{"taxonomy":"product_cat","embeddable":true,"href":"https:\/\/rucan.es\/ca\/wp-json\/wp\/v2\/product_cat?post=4367"},{"taxonomy":"product_tag","embeddable":true,"href":"https:\/\/rucan.es\/ca\/wp-json\/wp\/v2\/product_tag?post=4367"}],"curies":[{"name":"wp","href":"https:\/\/api.w.org\/{rel}","templated":true}]}}