{"id":5191,"date":"2025-02-04T14:31:08","date_gmt":"2025-02-04T14:31:08","guid":{"rendered":"https:\/\/rucan.es\/?post_type=product&#038;p=5191"},"modified":"2025-08-01T07:57:03","modified_gmt":"2025-08-01T07:57:03","slug":"triwater","status":"publish","type":"product","link":"https:\/\/rucan.es\/ca\/producto\/triwater\/","title":{"rendered":"Triwater"},"content":{"rendered":"","protected":false},"excerpt":{"rendered":"<p>El TriWater \u00e9s un joguina innovadora dissenyada per gaudir d&#8217;activitats aqu\u00e0tiques amb la teva mascota. Perfecte per llan\u00e7ar-lo i recollir-lo en entorns com piscines, platges o rius.<br \/>\nFabricat amb cautx\u00fa natural, cosa que garanteix la seva durabilitat en no ser de escuma i, gr\u00e0cies a la seva geometria i disseny, tamb\u00e9 es garanteix la seva flotabilitat a l&#8217;aigua.<\/p>\n<p>El TriWater \u00e9s l&#8217;opci\u00f3 perfecta per estimular l&#8217;exercici f\u00edsic de la teva mascota, fomentar la seva connexi\u00f3 amb tu i gaudir junts de moments inoblidables a l&#8217;aigua. Un joguina imprescindible per als amants de les aventures aqu\u00e0tiques!<\/p>\n<p><a class=\"us-btn-style_6 \" href=\"https:\/\/rucan.es\/botiga\/\">Torna a la botiga<\/a><\/p>\n","protected":false},"featured_media":4679,"comment_status":"closed","ping_status":"closed","template":"","meta":{"_acf_changed":false},"product_brand":[],"product_cat":[833],"product_tag":[],"class_list":{"0":"post-5191","1":"product","2":"type-product","3":"status-publish","4":"has-post-thumbnail","6":"product_cat-triwater-2","7":"pa_razas-affenpinscher-ca","8":"pa_razas-airedale-terrier-ca","9":"pa_razas-bernese-mountain-dog","10":"pa_razas-bestiola-havanera","11":"pa_razas-bichon-bolones-ca","12":"pa_razas-bichon-frise-ca","13":"pa_razas-bichon-maltes-ca","14":"pa_razas-border-terrier-ca","15":"pa_razas-boston-terrier-ca","16":"pa_razas-broholmer","17":"pa_razas-bullmastiff","18":"pa_razas-cairn-terrier-ca","19":"pa_razas-caniche-toy-ca","20":"pa_razas-carlino-ca","21":"pa_razas-cavalier-king-charles-ca","22":"pa_razas-cazador-de-alces-noruego","23":"pa_razas-chihuahua-ca","24":"pa_razas-coto-de-tulear","25":"pa_razas-crestat-xines","26":"pa_razas-dandie-dinmont-terrier-ca","27":"pa_razas-dogo-de-burdeos","28":"pa_razas-dogo-del-tibet","29":"pa_razas-foxhound-ingles","30":"pa_razas-gran-boyero-suizo","31":"pa_razas-gran-danes","32":"pa_razas-grifo-belga","33":"pa_razas-grifo-de-brusselles","34":"pa_razas-king-charles-spaniel-ca","35":"pa_razas-komondor","36":"pa_razas-kuvasz","37":"pa_razas-landseer","38":"pa_razas-lebrel-irlandes","39":"pa_razas-leonberger","40":"pa_razas-lhasa-apso-ca","41":"pa_razas-mastiff","42":"pa_razas-mastin-del-pirineo","43":"pa_razas-mastin-espanol","44":"pa_razas-mastin-napolitano","45":"pa_razas-pastor-polaco-de-podhale","46":"pa_razas-pastor-rumano-de-mioritza","47":"pa_razas-pequines","48":"pa_razas-perro-de-la-sierra-de-la-estrela","49":"pa_razas-perro-de-montana-de-los-pirineos","50":"pa_razas-perro-de-pastor-kangal","51":"pa_razas-petit-brabancon-ca","52":"pa_razas-petit-gos-lleo","53":"pa_razas-petit-gos-rus","54":"pa_razas-petit-llebrer-italia","55":"pa_razas-pinscher-miniatura-ca","56":"pa_razas-podenco-portugues-ca","57":"pa_razas-pomerania-ca","58":"pa_razas-presa-canario","59":"pa_razas-rottweiler","60":"pa_razas-sabueso-de-transilvania","61":"pa_razas-sabueso-frances-blanco-y-negro","62":"pa_razas-sabueso-frances-tricolor","63":"pa_razas-sabueso-polaco","64":"pa_razas-san-bernardo","65":"pa_razas-schnauzer-gigante","66":"pa_razas-setter-gordon","67":"pa_razas-setter-ingles","68":"pa_razas-setter-irlandes","69":"pa_razas-setter-irlandes-rojo-y-blanco","70":"pa_razas-shih-tzu-ca","71":"pa_razas-silky-terrier-australia","72":"pa_razas-skye-terrier-ca","73":"pa_razas-spaniel-continental-nan","74":"pa_razas-spaniel-japones-ca","75":"pa_razas-spaniel-picardo","76":"pa_razas-spaniel-tibeta","77":"pa_razas-spitz-alemany-petit","78":"pa_razas-spitz-japones-ca","79":"pa_razas-teckel-ca","80":"pa_razas-terranova","81":"pa_razas-terrier-angles-miniatura","82":"pa_razas-terrier-australia","83":"pa_razas-terrier-de-norfolk-ca","84":"pa_razas-terrier-de-norwich-ca","85":"pa_razas-terrier-japones-ca","86":"pa_razas-terrier-negro-de-rusia","87":"pa_razas-villano-de-las-encartaciones","88":"pa_razas-vizsla-de-pelo-duro","89":"pa_razas-volpi-italia","90":"pa_razas-west-highland-white-terrier-ca","91":"pa_razas-yorkshire-terrier-ca","92":"tm-has-options","94":"first","95":"instock","96":"taxable","97":"shipping-taxable","98":"purchasable","99":"product-type-simple"},"acf":[],"yoast_head":"<!-- This site is optimized with the Yoast SEO plugin v27.4 - https:\/\/yoast.com\/product\/yoast-seo-wordpress\/ -->\n<title>Triwater - Rucan | Juguetes para perros de caucho natural<\/title>\n<meta name=\"description\" content=\"Triwater. Desc\u00fabrelo en nuestra tienda online.\" \/>\n<meta name=\"robots\" content=\"index, follow, max-snippet:-1, max-image-preview:large, max-video-preview:-1\" \/>\n<link rel=\"canonical\" href=\"https:\/\/rucan.es\/ca\/producto\/triwater\/\" \/>\n<meta property=\"og:locale\" content=\"ca_ES\" \/>\n<meta property=\"og:type\" content=\"article\" \/>\n<meta property=\"og:title\" content=\"Triwater - Rucan | Juguetes para perros de caucho natural\" \/>\n<meta property=\"og:description\" content=\"Triwater. Desc\u00fabrelo en nuestra tienda online.\" \/>\n<meta property=\"og:url\" content=\"https:\/\/rucan.es\/ca\/producto\/triwater\/\" \/>\n<meta property=\"og:site_name\" content=\"Rucan | Juguetes para perros de caucho natural\" \/>\n<meta property=\"article:publisher\" content=\"https:\/\/www.facebook.com\/RucanD0gs\" \/>\n<meta property=\"article:modified_time\" content=\"2025-08-01T07:57:03+00:00\" \/>\n<meta property=\"og:image\" content=\"https:\/\/rucan.es\/wp-content\/uploads\/2025\/02\/tri-1024x1006.png\" \/>\n\t<meta property=\"og:image:width\" content=\"1024\" \/>\n\t<meta property=\"og:image:height\" content=\"1006\" \/>\n\t<meta property=\"og:image:type\" content=\"image\/png\" \/>\n<meta name=\"twitter:card\" content=\"summary_large_image\" \/>\n<meta name=\"twitter:label1\" content=\"Temps estimat de lectura\" \/>\n\t<meta name=\"twitter:data1\" content=\"1 minut\" \/>\n<script type=\"application\/ld+json\" class=\"yoast-schema-graph\">{\"@context\":\"https:\\\/\\\/schema.org\",\"@graph\":[{\"@type\":\"WebPage\",\"@id\":\"https:\\\/\\\/rucan.es\\\/ca\\\/producto\\\/triwater\\\/\",\"url\":\"https:\\\/\\\/rucan.es\\\/ca\\\/producto\\\/triwater\\\/\",\"name\":\"Triwater - Rucan | Juguetes para perros de caucho natural\",\"isPartOf\":{\"@id\":\"https:\\\/\\\/blanchedalmond-pelican-299657.hostingersite.com\\\/#website\"},\"primaryImageOfPage\":{\"@id\":\"https:\\\/\\\/rucan.es\\\/ca\\\/producto\\\/triwater\\\/#primaryimage\"},\"image\":{\"@id\":\"https:\\\/\\\/rucan.es\\\/ca\\\/producto\\\/triwater\\\/#primaryimage\"},\"thumbnailUrl\":\"https:\\\/\\\/rucan.es\\\/wp-content\\\/uploads\\\/2025\\\/02\\\/tri.png\",\"datePublished\":\"2025-02-04T14:31:08+00:00\",\"dateModified\":\"2025-08-01T07:57:03+00:00\",\"description\":\"Triwater. Desc\u00fabrelo en nuestra tienda online.\",\"breadcrumb\":{\"@id\":\"https:\\\/\\\/rucan.es\\\/ca\\\/producto\\\/triwater\\\/#breadcrumb\"},\"inLanguage\":\"ca\",\"potentialAction\":[{\"@type\":\"ReadAction\",\"target\":[\"https:\\\/\\\/rucan.es\\\/ca\\\/producto\\\/triwater\\\/\"]}]},{\"@type\":\"ImageObject\",\"inLanguage\":\"ca\",\"@id\":\"https:\\\/\\\/rucan.es\\\/ca\\\/producto\\\/triwater\\\/#primaryimage\",\"url\":\"https:\\\/\\\/rucan.es\\\/wp-content\\\/uploads\\\/2025\\\/02\\\/tri.png\",\"contentUrl\":\"https:\\\/\\\/rucan.es\\\/wp-content\\\/uploads\\\/2025\\\/02\\\/tri.png\",\"width\":4552,\"height\":4474},{\"@type\":\"BreadcrumbList\",\"@id\":\"https:\\\/\\\/rucan.es\\\/ca\\\/producto\\\/triwater\\\/#breadcrumb\",\"itemListElement\":[{\"@type\":\"ListItem\",\"position\":1,\"name\":\"Portada\",\"item\":\"https:\\\/\\\/rucan.es\\\/ca\\\/\"},{\"@type\":\"ListItem\",\"position\":2,\"name\":\"Tienda\",\"item\":\"https:\\\/\\\/blanchedalmond-pelican-299657.hostingersite.com\\\/tienda\\\/\"},{\"@type\":\"ListItem\",\"position\":3,\"name\":\"Triwater\"}]},{\"@type\":\"WebSite\",\"@id\":\"https:\\\/\\\/blanchedalmond-pelican-299657.hostingersite.com\\\/#website\",\"url\":\"https:\\\/\\\/blanchedalmond-pelican-299657.hostingersite.com\\\/\",\"name\":\"Rucan | Juguetes de caucho natural para perros\",\"description\":\"Juguetes interactivos para perros de caucho natural\",\"publisher\":{\"@id\":\"https:\\\/\\\/blanchedalmond-pelican-299657.hostingersite.com\\\/#organization\"},\"potentialAction\":[{\"@type\":\"SearchAction\",\"target\":{\"@type\":\"EntryPoint\",\"urlTemplate\":\"https:\\\/\\\/blanchedalmond-pelican-299657.hostingersite.com\\\/?s={search_term_string}\"},\"query-input\":{\"@type\":\"PropertyValueSpecification\",\"valueRequired\":true,\"valueName\":\"search_term_string\"}}],\"inLanguage\":\"ca\"},{\"@type\":\"Organization\",\"@id\":\"https:\\\/\\\/blanchedalmond-pelican-299657.hostingersite.com\\\/#organization\",\"name\":\"Rucan | Juguetes de caucho natural para perros\",\"url\":\"https:\\\/\\\/blanchedalmond-pelican-299657.hostingersite.com\\\/\",\"logo\":{\"@type\":\"ImageObject\",\"inLanguage\":\"ca\",\"@id\":\"https:\\\/\\\/blanchedalmond-pelican-299657.hostingersite.com\\\/#\\\/schema\\\/logo\\\/image\\\/\",\"url\":\"https:\\\/\\\/rucan.es\\\/wp-content\\\/uploads\\\/2024\\\/10\\\/rucan.png\",\"contentUrl\":\"https:\\\/\\\/rucan.es\\\/wp-content\\\/uploads\\\/2024\\\/10\\\/rucan.png\",\"width\":128,\"height\":128,\"caption\":\"Rucan | Juguetes de caucho natural para perros\"},\"image\":{\"@id\":\"https:\\\/\\\/blanchedalmond-pelican-299657.hostingersite.com\\\/#\\\/schema\\\/logo\\\/image\\\/\"},\"sameAs\":[\"https:\\\/\\\/www.facebook.com\\\/RucanD0gs\",\"https:\\\/\\\/es.linkedin.com\\\/company\\\/rucan\",\"https:\\\/\\\/www.instagram.com\\\/rucan_dogs\\\/\",\"https:\\\/\\\/www.tiktok.com\\\/@rucandogs\"]}]}<\/script>\n<!-- \/ Yoast SEO plugin. -->","yoast_head_json":{"title":"Triwater - Rucan | Juguetes para perros de caucho natural","description":"Triwater. Desc\u00fabrelo en nuestra tienda online.","robots":{"index":"index","follow":"follow","max-snippet":"max-snippet:-1","max-image-preview":"max-image-preview:large","max-video-preview":"max-video-preview:-1"},"canonical":"https:\/\/rucan.es\/ca\/producto\/triwater\/","og_locale":"ca_ES","og_type":"article","og_title":"Triwater - Rucan | Juguetes para perros de caucho natural","og_description":"Triwater. Desc\u00fabrelo en nuestra tienda online.","og_url":"https:\/\/rucan.es\/ca\/producto\/triwater\/","og_site_name":"Rucan | Juguetes para perros de caucho natural","article_publisher":"https:\/\/www.facebook.com\/RucanD0gs","article_modified_time":"2025-08-01T07:57:03+00:00","og_image":[{"width":1024,"height":1006,"url":"https:\/\/rucan.es\/wp-content\/uploads\/2025\/02\/tri-1024x1006.png","type":"image\/png"}],"twitter_card":"summary_large_image","twitter_misc":{"Temps estimat de lectura":"1 minut"},"schema":{"@context":"https:\/\/schema.org","@graph":[{"@type":"WebPage","@id":"https:\/\/rucan.es\/ca\/producto\/triwater\/","url":"https:\/\/rucan.es\/ca\/producto\/triwater\/","name":"Triwater - Rucan | Juguetes para perros de caucho natural","isPartOf":{"@id":"https:\/\/blanchedalmond-pelican-299657.hostingersite.com\/#website"},"primaryImageOfPage":{"@id":"https:\/\/rucan.es\/ca\/producto\/triwater\/#primaryimage"},"image":{"@id":"https:\/\/rucan.es\/ca\/producto\/triwater\/#primaryimage"},"thumbnailUrl":"https:\/\/rucan.es\/wp-content\/uploads\/2025\/02\/tri.png","datePublished":"2025-02-04T14:31:08+00:00","dateModified":"2025-08-01T07:57:03+00:00","description":"Triwater. Desc\u00fabrelo en nuestra tienda online.","breadcrumb":{"@id":"https:\/\/rucan.es\/ca\/producto\/triwater\/#breadcrumb"},"inLanguage":"ca","potentialAction":[{"@type":"ReadAction","target":["https:\/\/rucan.es\/ca\/producto\/triwater\/"]}]},{"@type":"ImageObject","inLanguage":"ca","@id":"https:\/\/rucan.es\/ca\/producto\/triwater\/#primaryimage","url":"https:\/\/rucan.es\/wp-content\/uploads\/2025\/02\/tri.png","contentUrl":"https:\/\/rucan.es\/wp-content\/uploads\/2025\/02\/tri.png","width":4552,"height":4474},{"@type":"BreadcrumbList","@id":"https:\/\/rucan.es\/ca\/producto\/triwater\/#breadcrumb","itemListElement":[{"@type":"ListItem","position":1,"name":"Portada","item":"https:\/\/rucan.es\/ca\/"},{"@type":"ListItem","position":2,"name":"Tienda","item":"https:\/\/blanchedalmond-pelican-299657.hostingersite.com\/tienda\/"},{"@type":"ListItem","position":3,"name":"Triwater"}]},{"@type":"WebSite","@id":"https:\/\/blanchedalmond-pelican-299657.hostingersite.com\/#website","url":"https:\/\/blanchedalmond-pelican-299657.hostingersite.com\/","name":"Rucan | Juguetes de caucho natural para perros","description":"Juguetes interactivos para perros de caucho natural","publisher":{"@id":"https:\/\/blanchedalmond-pelican-299657.hostingersite.com\/#organization"},"potentialAction":[{"@type":"SearchAction","target":{"@type":"EntryPoint","urlTemplate":"https:\/\/blanchedalmond-pelican-299657.hostingersite.com\/?s={search_term_string}"},"query-input":{"@type":"PropertyValueSpecification","valueRequired":true,"valueName":"search_term_string"}}],"inLanguage":"ca"},{"@type":"Organization","@id":"https:\/\/blanchedalmond-pelican-299657.hostingersite.com\/#organization","name":"Rucan | Juguetes de caucho natural para perros","url":"https:\/\/blanchedalmond-pelican-299657.hostingersite.com\/","logo":{"@type":"ImageObject","inLanguage":"ca","@id":"https:\/\/blanchedalmond-pelican-299657.hostingersite.com\/#\/schema\/logo\/image\/","url":"https:\/\/rucan.es\/wp-content\/uploads\/2024\/10\/rucan.png","contentUrl":"https:\/\/rucan.es\/wp-content\/uploads\/2024\/10\/rucan.png","width":128,"height":128,"caption":"Rucan | Juguetes de caucho natural para perros"},"image":{"@id":"https:\/\/blanchedalmond-pelican-299657.hostingersite.com\/#\/schema\/logo\/image\/"},"sameAs":["https:\/\/www.facebook.com\/RucanD0gs","https:\/\/es.linkedin.com\/company\/rucan","https:\/\/www.instagram.com\/rucan_dogs\/","https:\/\/www.tiktok.com\/@rucandogs"]}]}},"_links":{"self":[{"href":"https:\/\/rucan.es\/ca\/wp-json\/wp\/v2\/product\/5191","targetHints":{"allow":["GET"]}}],"collection":[{"href":"https:\/\/rucan.es\/ca\/wp-json\/wp\/v2\/product"}],"about":[{"href":"https:\/\/rucan.es\/ca\/wp-json\/wp\/v2\/types\/product"}],"replies":[{"embeddable":true,"href":"https:\/\/rucan.es\/ca\/wp-json\/wp\/v2\/comments?post=5191"}],"wp:featuredmedia":[{"embeddable":true,"href":"https:\/\/rucan.es\/ca\/wp-json\/wp\/v2\/media\/4679"}],"wp:attachment":[{"href":"https:\/\/rucan.es\/ca\/wp-json\/wp\/v2\/media?parent=5191"}],"wp:term":[{"taxonomy":"product_brand","embeddable":true,"href":"https:\/\/rucan.es\/ca\/wp-json\/wp\/v2\/product_brand?post=5191"},{"taxonomy":"product_cat","embeddable":true,"href":"https:\/\/rucan.es\/ca\/wp-json\/wp\/v2\/product_cat?post=5191"},{"taxonomy":"product_tag","embeddable":true,"href":"https:\/\/rucan.es\/ca\/wp-json\/wp\/v2\/product_tag?post=5191"}],"curies":[{"name":"wp","href":"https:\/\/api.w.org\/{rel}","templated":true}]}}